{"id":98,"date":"2011-07-30T09:47:23","date_gmt":"2011-07-30T07:47:23","guid":{"rendered":"https:\/\/iuaviabelfjea.byteway.dev\/?page_id=98"},"modified":"2011-07-30T09:47:23","modified_gmt":"2011-07-30T07:47:23","slug":"mannliche-kraft","status":"publish","type":"page","link":"https:\/\/maennerschmie.de\/index.php\/mannliche-kraft\/","title":{"rendered":"&#8220;M\u00e4nnliche Kraft&#8221;"},"content":{"rendered":"<p><strong>Wann ist ein Mann ein Mann? Und wann ist er ein &#8220;guter Mann&#8221;?<\/strong><\/p>\n<p>Gr\u00f6nemeyer (und mit ihm die meisten M\u00e4nner) k\u00f6nnen auch nach 30 Jahren diese Frage nicht sicher beantworten. Es fehlte bisher ein stabiles Konzept f\u00fcr die pers\u00f6nliche, individuelle Entwicklung eines positiven Selbstbildes vom \u201eguten Mann\u201c. Wenn schon nicht klar war, wann ein Mann ein Mann ist, so fehlte noch viel mehr die Antwort auf die Frage, was einen \u201eguten Mann\u201c ausmacht: Es geht eben nicht um \u201eLifestyle\u201c, denn \u201eLife\u201c ist nicht das harte Leben und Style ist was f\u00fcr Poser. Es geht auch nicht nur um das, was M\u00e4nnern Spa\u00df macht, denn erstens ist die Situation ernst und zweitens gewinnen Playboys keine Ehe-, noch weniger eine Erziehungskrise.<\/p>\n<p><a href=\"http:\/\/www.localhost\/mannliche-kraft\/maennliche\/\" rel=\"attachment wp-att-107\"><img loading=\"lazy\" decoding=\"async\" class=\"size-medium wp-image-107    alignleft\" style=\"margin: 10px;\" title=\"M\u00e4nnliche Kraft\" src=\"http:\/\/www.localhost\/wp-content\/uploads\/2011\/07\/maennliche-199x300.jpg\" alt=\"M\u00e4nnliche Kraft von Thomas F\u00fcgner\" width=\"199\" height=\"300\" \/><\/a><\/p>\n<p>Es geht um den m\u00e4nnlichen Kern, die Selbstachtung, die Ehre und Verl\u00e4sslichkeit des Mannes. Denn so, wie viele ethische Werte im Nationalsozialismus missbraucht und danach abgeschafft wurden, so ist es danach auch um die \u201eM\u00e4nnlichkeit\u201c geschehen. Es ist Zeit sich zu besinnen, den Sinn zu finden, den MANN stiften kann. In mir als Mann mit Verstand und Herz, zun\u00e4chst f\u00fcr mich, und dann in meiner Verantwortung als F\u00fchrungskraft f\u00fcr die, die ich liebe und die mir vertrauen. Auf diesem Weg ist das Buch Landkarte und Wegweiser, denn es gibt viel zu entdecken und wiederzugewinnen: Die m\u00e4nnliche Freiheit und St\u00e4rke, die die Basis ist f\u00fcr die Antworten auf die elementaren Fragen des Mannes: Wof\u00fcr lebe ich \u2013 wof\u00fcr stehe ich morgens gerne auf, was macht einen Mann zum \u201eGuten Mann\u201c?<\/p>\n<p>&nbsp;<\/p>\n<p>&nbsp;<\/p>\n<p>Ein guter Mann \u2013 wie dieses Buch, erarbeitet Antworten auf die Fragen:<\/p>\n<ul>\n<li>Wie wurde ich, was ich bin?<\/li>\n<li>Wer bin ich? Was ist mir wichtig? Was will ich erreichen?<\/li>\n<li>Was habe ich zu geben, was werde ich tun \u2013 und warum ist das wichtig?<\/li>\n<li>Wie stehe ich zu meinem Wort, meiner Frau, Kindern?<\/li>\n<li>Was will ich werden?<\/li>\n<\/ul>\n<p>Dazu geh\u00f6rt die Neugier, sich selbst, seine Wurzeln zu erforschen, daran seelisch zu wachsen und spirituell- religi\u00f6se Neugier, Ideale, Kenntnis seiner St\u00e4rken und Schw\u00e4chen, Pr\u00e4senz, emotionale Kompetenz, die Bereitschaft und F\u00e4higkeit, Schw\u00e4chen in St\u00e4rken zu transformieren.<\/p>\n<p>Es braucht den Willen zur Macht als kreative Zerst\u00f6rungs- und Sch\u00f6pfungskraft, zur Entwicklung einer reflektierten, verantwortungsbewussten F\u00fchrungskraft.<\/p>\n<p>Es braucht Integrit\u00e4t: die Einheit von Denken, Sprechen und Handeln<\/p>\n<p>Fassen Sie Mut, nehmen Sie sich Zeit f\u00fcr sich und fangen Sie an &#8211; aus Erfahrung kann ich Ihnen sagen: es lohnt sich. Das Buch &#8220;<a href=\"http:\/\/www.epubli.de\/shop\/autor\/Thomas-F%C3%BCgner\/2224\">M\u00e4nnliche Kraft<\/a>&#8221; ist erh\u00e4ltlich bei <a href=\"http:\/\/www.epubli.de\/shop\/autor\/Thomas-F%C3%BCgner\/2224\">epublis<\/a>.<br \/>\n<a href=\"http:\/\/www.youtube.com\/watch?v=kxmxK5avSXY\" target=\"_blank\">Mehr im Video<\/a><\/p>\n","protected":false},"excerpt":{"rendered":"<p>Wann ist ein Mann ein Mann? Und wann ist er ein &#8220;guter Mann&#8221;? Gr\u00f6nemeyer (und mit ihm die meisten M\u00e4nner) k\u00f6nnen auch nach 30 Jahren diese Frage nicht sicher beantworten. Es fehlte bisher ein stabiles Konzept f\u00fcr die pers\u00f6nliche, individuelle Entwicklung eines positiven Selbstbildes vom \u201eguten Mann\u201c. Wenn schon nicht klar war, wann ein Mann [&hellip;]<\/p>\n","protected":false},"author":2,"featured_media":0,"parent":0,"menu_order":3,"comment_status":"open","ping_status":"open","template":"","meta":{"_monsterinsights_skip_tracking":false,"_monsterinsights_sitenote_active":false,"_monsterinsights_sitenote_note":"","_monsterinsights_sitenote_category":0,"footnotes":""},"class_list":["post-98","page","type-page","status-publish","hentry"],"_links":{"self":[{"href":"https:\/\/maennerschmie.de\/index.php\/wp-json\/wp\/v2\/pages\/98","targetHints":{"allow":["GET"]}}],"collection":[{"href":"https:\/\/maennerschmie.de\/index.php\/wp-json\/wp\/v2\/pages"}],"about":[{"href":"https:\/\/maennerschmie.de\/index.php\/wp-json\/wp\/v2\/types\/page"}],"author":[{"embeddable":true,"href":"https:\/\/maennerschmie.de\/index.php\/wp-json\/wp\/v2\/users\/2"}],"replies":[{"embeddable":true,"href":"https:\/\/maennerschmie.de\/index.php\/wp-json\/wp\/v2\/comments?post=98"}],"version-history":[{"count":0,"href":"https:\/\/maennerschmie.de\/index.php\/wp-json\/wp\/v2\/pages\/98\/revisions"}],"wp:attachment":[{"href":"https:\/\/maennerschmie.de\/index.php\/wp-json\/wp\/v2\/media?parent=98"}],"curies":[{"name":"wp","href":"https:\/\/api.w.org\/{rel}","templated":true}]}}