{"id":71,"date":"2011-07-23T13:33:52","date_gmt":"2011-07-23T11:33:52","guid":{"rendered":"https:\/\/iuaviabelfjea.byteway.dev\/?page_id=71"},"modified":"2025-11-04T21:06:18","modified_gmt":"2025-11-04T20:06:18","slug":"das-trainingder-workshop","status":"publish","type":"page","link":"https:\/\/maennerschmie.de\/index.php\/das-trainingder-workshop\/","title":{"rendered":"M\u00e4nnerworkshops \/ -Trainings \u00dcbersicht"},"content":{"rendered":"\n<figure class=\"wp-block-image size-large\"><img loading=\"lazy\" decoding=\"async\" width=\"1024\" height=\"507\" src=\"https:\/\/iuaviabelfjea.byteway.dev\/wp-content\/uploads\/2020\/10\/Drama-Abendhimmel-1024x507.jpg\" alt=\"\" class=\"wp-image-1533\" srcset=\"https:\/\/maennerschmie.de\/wp-content\/uploads\/2020\/10\/Drama-Abendhimmel-1024x507.jpg 1024w, https:\/\/maennerschmie.de\/wp-content\/uploads\/2020\/10\/Drama-Abendhimmel-300x148.jpg 300w, https:\/\/maennerschmie.de\/wp-content\/uploads\/2020\/10\/Drama-Abendhimmel-768x380.jpg 768w, https:\/\/maennerschmie.de\/wp-content\/uploads\/2020\/10\/Drama-Abendhimmel-1536x760.jpg 1536w, https:\/\/maennerschmie.de\/wp-content\/uploads\/2020\/10\/Drama-Abendhimmel.jpg 1574w\" sizes=\"auto, (max-width: 1024px) 100vw, 1024px\" \/><figcaption class=\"wp-element-caption\"><strong><em>Dramatische, st\u00fcrmische Zeiten!<\/em><\/strong><\/figcaption><\/figure>\n\n\n<blockquote>\n<p><strong><em>\u201eWIR M\u00e4nner meistern die Krise &#8211; gemeinsam!\u201c\u00a0<br \/>in einem 4-Monats- Zyklus, in 4 Workshops bauen wir gemeinsam, systematisch auf:<\/em><\/strong><\/p>\n<\/blockquote>\n<p><!--more--><\/p>\n<ol>\n<li>dynamische berufliche Existenz <br \/>praktische Agilit\u00e4t, Wachstum, quantitativ und qualitativ<\/li>\n<li>Besseren Selbst&amp;Wert &#8211; was ist ein GUTER MANN, &#8220;vir bonus&#8221;, (<a href=\"http:\/\/www.schule-der-rhetorik.de\/cicero.html\" target=\"_blank\" rel=\"noopener noreferrer\">Cicero<\/a>)?<\/li>\n<li>positiv- inspirierende, erotische Beziehung<\/li>\n<li>neue Perspektiven (beruflich und privat)- m\u00e4nnliche Kommunikation\u00a0<\/li>\n<\/ol>\n<p><strong>Wege \/ Formate<\/strong><\/p>\n<ul>\n<li>4 Pr\u00e4senzWorkshops (einzeln oder als Block zu buchen) jeweils das 2. Wochenende im Monat, beginnen p\u00fcnktlich (!) jeweils Samstag 8:30- 19:00, Sonntags 9:00- 17:00;<\/li>\n<li>Formeller Rahmen: Theorie, Themen der Teilnehmer, Feedback der M\u00e4nnergruppe, ggf. systemisches Stellen, individuelle, verbindliche Handlungs- Entscheidungen.\u00a0<\/li>\n<li>Hybride (Pr\u00e4senz- \/ online-) Trainings\u00a0<\/li>\n<li>online Coaching<\/li>\n<\/ul>\n<p><strong>Zeit<\/strong><\/p>\n<ul>\n<li><strong>Pr\u00e4senzWorkshops<\/strong> <br \/><strong>Themen und Termine<\/strong><\/li>\n<\/ul>\n<p>10.-11.1. \u201eFeuer im Kern: Rhetorik und Haltung als Waffe\u201d \u2013 Verkn\u00fcpft Sprache mit k\u00f6rperlicher Pr\u00e4senz f\u00fcr berufliche und private Siege.<\/p>\n<p>14.-15.2. <strong>Beziehung f\u00fchren: <\/strong>\u201cLiebe schmieden: Von Konflikt zum Feuer der Verbindung\u201d \u2013 Nutze die Schmiede-Metapher f\u00fcr transformative Partnerschaft.<\/p>\n<p>Tag 2 siehst Du Dich in einem aktivem, weiblichen Spiegel.<\/p>\n<p><strong>14.-15.3. Beruf, Vision, Erfolg, <\/strong>Das Team als Coach &#8211; Dein Schwert der F\u00fchrung: Performance schmieden, nicht brechen<\/p>\n<p>11.-12.4. Gescheit, noch gescheiter &#8211; trotzdem gescheitert? Aus Asche entsteht dein neues Ich- Resilienz und Neuanfang. <span style=\"font-size: revert;\">Herzfeuer z\u00fcnden: Visionen, die dich antreiben<\/span><\/p>\n<p><strong style=\"font-size: revert;\">Ort<\/strong><\/p>\n<p>St. Gilgen am Wolfgangsee, Salzkammergut, \u00f6stlich von Salzburg, unterschiedliche Seminarr\u00e4ume, wechselnde Perspektiven.<\/p>\n<p>In der malerischen Landschaft, am See zwischen den Bergen finden sich historisch bedeutsame Orte, um innerlich \u00a0zur Ruhe zu kommen und fokussiert zum gemeinsamen Kr\u00e4fte sammeln.\u00a0<\/p>\n<p>Kraftorte zum f\u00fcr Meditation, Einzelarbeit und Einzelgespr\u00e4che vorhanden.\u00a0<\/p>\n<ul>\n<li>HybridTrainings<br \/>1 Woche nach Pr\u00e4senzWorkshops<\/li>\n<li>online-Coaching\u00a0<br \/>nach Vereinbarung Mo.-Fr. 17-21 Uhr<\/li>\n<\/ul>\n<p><b>Anmeldung per Mail an Thomas@Fuegner.de<\/b><\/p>\n<p>Die Themen sind speziell auf uns M\u00e4nner zugeschnitten und konstruktiv wachstumsorientiert. Konkret: Wir wollen schauen, wo jeder Mann steht und konzentrieren uns auf das dringendste Anliegen, damit von dort aus Wachstum ausgehen kann. Sie <span style=\"font-size: inherit;\">sind losgel\u00f6st voneinander buchbar. Je nachdem, wo Mann gerade steht. Je nachdem, welches Thema f\u00fcr Mann gerade ansteht. Sie entscheiden und investieren also f\u00fcr 1 oder 4 Wochenenden\u00a0 &#8211; f\u00fcr sich alleine. Nur f\u00fcr Sie alleine. Alleine mit und unter anderen M\u00e4nnern.<\/span><\/p>\n<p>Die Pr\u00e4senz, die Kapazit\u00e4t, in der Gegenwart zu bleiben, gepaart mit Aufmerksamkeit und Mitgef\u00fchl, tr\u00e4gt in kleinen Schritten und mit Geduld und Ausdauer durch den Alltag. In der Gruppe wird gehalten, reflektiert und, wenn n\u00f6tig, nachgebessert.<\/p>\n<p><strong>Die Philosophie<\/strong><\/p>\n<p>Vertrauen pr\u00e4gt unsere Arbeit in den Workshops: Hier wird niemand geschmiedet. Hier wei\u00df niemand, was gut oder besser f\u00fcr Sie ist. M\u00e4nnerschmie.de ist ein Programm, wo Sie den Schmiedehammer Ihres Lebens selbst in die Hand nehmen und an Ihrem Leben arbeiten. Immer vorausgesetzt, Sie sind mit Ihrem Leben in der jetzigen Form so nicht mehr zufrieden.<\/p>\n<p>Die M\u00e4nnerschmiede bietet Weiterentwicklung von M\u00e4nnern f\u00fcr M\u00e4nner.\u00a0<br \/>Weil M\u00e4nner M\u00e4nner besser verstehen, als Frauen das jemals tun k\u00f6nnen. Und weil manchmal Feedback von M\u00e4nnern, sozusagen unter Br\u00fcdern, wirkungsvoller ist, als von anderen Menschen.<\/p>\n<p>Und noch wirkungsvoller ist ein Feedback von M\u00e4nnern, von denen wir wissen, dass sie ihren Weg gegangen sind. Ob freiwillig oder unfreiwillig. M\u00e4nnerschicksale kennenlernen, Parallelen ziehen und Erleichterung finden: Den anderen geht es auch nicht anders als mir. Das schafft wieder Boden unter den F\u00fc\u00dfen und gibt m\u00e4nnliche Kraft. Ziemlich viel, ziemlich schnell. Und nachhaltig. Denn &#8220;Jeder m\u00f6chte Welt verbessern, und er k\u00f6nnte das leicht tun, wenn er bei sich selber anfangen w\u00fcrde!&#8221; (K.H. Waggerl) Fang an.\u00a0<br \/><strong>Und <a href=\"https:\/\/iuaviabelfjea.byteway.dev\/index.php\/mannerseminare-in-bayern\/\" target=\"_blank\" rel=\"noopener noreferrer\">WIE L\u00c4UFT DAS konkret AB?<\/a><\/strong><\/p>\n<p><strong>Kosten<\/strong><\/p>\n<p>einzelner Workshop: \u20ac 950 .- inkl. MwSt.,\u00a0<br \/>zuz\u00fcgl. \u00a0Verpflegung und Unterbringung\u00a0\u00a0<\/p>\n<p>alle 4 Workshops: \u20ac 3.500.-\u00a0 inkl. MwSt., 4 online- Coachings\u00a0<br \/>zuz\u00fcgl. Verpflegung und Unterbringung\u00a0\u00a0<\/p>\n<p>TIPP: <strong>MELDE Dich zusammen mit einem Freund an und spart beide jeder 15%<\/strong><\/p>\n<p><strong>Der Trainer<\/strong><\/p>\n<p>Thomas F\u00fcgner, Industrie- und Dipl.Kfm., Systemischer Berater und Coach (ICO) wei\u00df, wovon er redet und was er tut: <img loading=\"lazy\" decoding=\"async\" class=\"wp-image-1885 size-medium alignright\" src=\"https:\/\/iuaviabelfjea.byteway.dev\/wp-content\/uploads\/2021\/07\/72AD3BFE-90CA-4A17-9884-AA1B4364378F-225x300.jpeg\" alt=\"\" width=\"225\" height=\"300\" srcset=\"https:\/\/maennerschmie.de\/wp-content\/uploads\/2021\/07\/72AD3BFE-90CA-4A17-9884-AA1B4364378F-225x300.jpeg 225w, https:\/\/maennerschmie.de\/wp-content\/uploads\/2021\/07\/72AD3BFE-90CA-4A17-9884-AA1B4364378F-768x1024.jpeg 768w, https:\/\/maennerschmie.de\/wp-content\/uploads\/2021\/07\/72AD3BFE-90CA-4A17-9884-AA1B4364378F-1152x1536.jpeg 1152w, https:\/\/maennerschmie.de\/wp-content\/uploads\/2021\/07\/72AD3BFE-90CA-4A17-9884-AA1B4364378F-1536x2048.jpeg 1536w, https:\/\/maennerschmie.de\/wp-content\/uploads\/2021\/07\/72AD3BFE-90CA-4A17-9884-AA1B4364378F-scaled.jpeg 1920w\" sizes=\"auto, (max-width: 225px) 100vw, 225px\" \/><br \/>1984 angefangen als Verkaufstrainer, besch\u00e4ftigte er sich seit 1992 mit Pers\u00f6nlichkeitsentwicklung (Integrit\u00e4t). Weiterbildung im Systemischen Familienstellen (Dr. W. B\u00fcntig), ging durch zwei Depressionen, im Hoffmann- Prozess (Quadrinity Institut) schaffte er Frieden mit seinen Eltern, bei Dr. St. v. Stepsky entwickelte er die F\u00e4higkeit zum m\u00e4nnlichen Zuh\u00f6ren, schrieb ein Buch \u00fcber &#8220;M\u00e4nnliche Kraft<a href=\"http:\/\/Die wahre Kraft des Mannes https:\/\/amzn.eu\/d\/2oub1VI\" target=\"_blank\" rel=\"noopener\">M\u00e4nnliche Kraft<\/a>&#8221; und lie\u00df sich ausbilden zum Systemischen Berater und Coach beim ICO.<br \/>Berufliche und vier intensive Patchwork- Erfahrungen und eine gl\u00fcckliche Beziehung runden das theoretische Bild in der Praxis ab.\u00a0<br \/>Im Beziehungs- Workshop wird er unterst\u00fctzt von\u00a0<a href=\"https:\/\/www.instagram.com\/astridfarbenfroh?igsh=MWF5OTk4YjAwd2pxcA==\" target=\"_blank\" rel=\"noopener\">Astrid Hass.\u00a0<\/a><\/p>\n\n\n<p><b>Anmeldung per Mail an Thomas@Fuegner.de<\/b><\/p>\n\n\n<p>&nbsp;<\/p>\n\n\n<figure class=\"wp-block-image size-large\"><img loading=\"lazy\" decoding=\"async\" width=\"1024\" height=\"765\" src=\"https:\/\/iuaviabelfjea.byteway.dev\/wp-content\/uploads\/2020\/10\/IMG_1183-1024x765.jpg\" alt=\"\" class=\"wp-image-1544\" srcset=\"https:\/\/maennerschmie.de\/wp-content\/uploads\/2020\/10\/IMG_1183-1024x765.jpg 1024w, https:\/\/maennerschmie.de\/wp-content\/uploads\/2020\/10\/IMG_1183-300x224.jpg 300w, https:\/\/maennerschmie.de\/wp-content\/uploads\/2020\/10\/IMG_1183-768x573.jpg 768w, https:\/\/maennerschmie.de\/wp-content\/uploads\/2020\/10\/IMG_1183-1536x1147.jpg 1536w, https:\/\/maennerschmie.de\/wp-content\/uploads\/2020\/10\/IMG_1183.jpg 2048w\" sizes=\"auto, (max-width: 1024px) 100vw, 1024px\" \/><\/figure>\n","protected":false},"excerpt":{"rendered":"<p>\u201eWIR M\u00e4nner meistern die Krise &#8211; gemeinsam!\u201c\u00a0in einem 4-Monats- Zyklus, in 4 Workshops bauen wir gemeinsam, systematisch auf:<\/p>\n","protected":false},"author":2,"featured_media":0,"parent":0,"menu_order":3,"comment_status":"open","ping_status":"open","template":"","meta":{"_monsterinsights_skip_tracking":false,"_monsterinsights_sitenote_active":false,"_monsterinsights_sitenote_note":"","_monsterinsights_sitenote_category":0,"footnotes":""},"class_list":["post-71","page","type-page","status-publish","hentry"],"_links":{"self":[{"href":"https:\/\/maennerschmie.de\/index.php\/wp-json\/wp\/v2\/pages\/71","targetHints":{"allow":["GET"]}}],"collection":[{"href":"https:\/\/maennerschmie.de\/index.php\/wp-json\/wp\/v2\/pages"}],"about":[{"href":"https:\/\/maennerschmie.de\/index.php\/wp-json\/wp\/v2\/types\/page"}],"author":[{"embeddable":true,"href":"https:\/\/maennerschmie.de\/index.php\/wp-json\/wp\/v2\/users\/2"}],"replies":[{"embeddable":true,"href":"https:\/\/maennerschmie.de\/index.php\/wp-json\/wp\/v2\/comments?post=71"}],"version-history":[{"count":10,"href":"https:\/\/maennerschmie.de\/index.php\/wp-json\/wp\/v2\/pages\/71\/revisions"}],"predecessor-version":[{"id":2908,"href":"https:\/\/maennerschmie.de\/index.php\/wp-json\/wp\/v2\/pages\/71\/revisions\/2908"}],"wp:attachment":[{"href":"https:\/\/maennerschmie.de\/index.php\/wp-json\/wp\/v2\/media?parent=71"}],"curies":[{"name":"wp","href":"https:\/\/api.w.org\/{rel}","templated":true}]}}