{"id":611,"date":"2011-06-23T08:50:11","date_gmt":"2011-06-23T06:50:11","guid":{"rendered":"https:\/\/iuaviabelfjea.byteway.dev\/?page_id=6"},"modified":"2011-06-23T08:50:11","modified_gmt":"2011-06-23T06:50:11","slug":"thomas-fugner","status":"publish","type":"page","link":"https:\/\/maennerschmie.de\/index.php\/thomas-fugner\/","title":{"rendered":"Thomas F\u00fcgner"},"content":{"rendered":"<p>Mit den ersten Trainings, die ich noch w\u00e4hrend des Studiums durchf\u00fchrte, bemerkte ich, dass Personalentwicklung immer Pers\u00f6nlichkeitsentwicklung beinhaltet. \u201eBei mir selber anfangen!\u201c ist seitdem meine Devise, nach B. Franklin: \u201eWas hilft es, bessere Zeiten zu w\u00fcnschen und zu hoffen? \u00c4ndert euch nur selbst, so \u00e4ndern sich auch die Zeiten. Ohne M\u00fche geht nichts.\u201c<\/p>\n<p>Die M\u00fche, die ich mir dabei gemacht habe, die Ergebnisse, die ich dabei erreicht habe, sind im <a href=\"http:\/\/www.amazon.de\/wahre-Kraft-Mannes-Hardcover-Seiten\/dp\/3831203865\/ref=sr_1_2?ie=UTF8&#038;qid=1354285370&#038;sr=8-2\" target=\"_blank\">Buch &#8220;Die wahre Kraft des Mannes&#8221;<\/a> zusammengefasst. (<a href=\"http:\/\/www.youtube.com\/watch?v=kxmxK5avSXY\">Video<\/a>)<\/p>\n<p>Mit und Ihnen und Volker Hepp geht es mir im \u201eGuten Jahr f\u00fcr M\u00e4nner\u201c darum, die darin enthaltenen Ideen und Erkenntnisse umzusetzen in praktische Lebenskunst und -genuss: Erfolg im Beruf, in guten Partnerschaften, liebevolles Familienleben, Gesundheit und gelingende Erziehung.<\/p>\n<p>Wir, Volker und ich, sind in der Zeit, die wir uns kennen, oft selbst \u00fcberrascht, wie viel diese Phasen der Reflexion uns gebracht haben. Wie dieser Erfolg f\u00fcr SIE aussehen soll: beschreiben Sie es uns!<\/p>\n<p><strong>Daten:<\/strong><\/p>\n<ul>\n<li>geb. 1958, ledig, keine Kinder.<\/li>\n<li>Industrie- und Dipl. Kfm.,<\/li>\n<li>Systemischer Berater und Coach<\/li>\n<li>seit 1985 selbst\u00e4ndig als Verkaufs- und Personaltrainer<\/li>\n<li>Pers\u00f6nlichkeits- und Personalentwicklung seit 199<a href=\"http:\/\/trainings.fuegner.de\" target=\"_blank\">3<\/a><\/li>\n<li><a href=\"http:\/\/trainings.fuegner.de\" target=\"_blank\">Trainings.Fuegner. de<\/a><\/li>\n<\/ul>\n<p><strong>Pers\u00f6nliche Weiterbildung seit 1992<\/strong><\/p>\n<ul>\n<li>u.a. bei Dr. Wolf B\u00fcntig, ZIST Penzberg (Systemisches Familienstellen)<\/li>\n<li>Quadrinity Institut, Berlin (Hoffmann- Prozess)<\/li>\n<li>Paar- und M\u00e4nnerworkshops bei Dr. Stephan v. Stepski<\/li>\n<li>Ausbildung zum Systemischen Berater &amp; Coach (ICO)<\/li>\n<\/ul>\n","protected":false},"excerpt":{"rendered":"<p>Mit den ersten Trainings, die ich noch w\u00e4hrend des Studiums durchf\u00fchrte, bemerkte ich, dass Personalentwicklung immer Pers\u00f6nlichkeitsentwicklung beinhaltet. \u201eBei mir selber anfangen!\u201c ist seitdem meine Devise, nach B. Franklin: \u201eWas hilft es, bessere Zeiten zu w\u00fcnschen und zu hoffen? \u00c4ndert euch nur selbst, so \u00e4ndern sich auch die Zeiten. Ohne M\u00fche geht nichts.\u201c Die M\u00fche, [&hellip;]<\/p>\n","protected":false},"author":2,"featured_media":0,"parent":0,"menu_order":10,"comment_status":"closed","ping_status":"closed","template":"","meta":{"_monsterinsights_skip_tracking":false,"_monsterinsights_sitenote_active":false,"_monsterinsights_sitenote_note":"","_monsterinsights_sitenote_category":0,"footnotes":""},"class_list":["post-611","page","type-page","status-publish","hentry"],"_links":{"self":[{"href":"https:\/\/maennerschmie.de\/index.php\/wp-json\/wp\/v2\/pages\/611","targetHints":{"allow":["GET"]}}],"collection":[{"href":"https:\/\/maennerschmie.de\/index.php\/wp-json\/wp\/v2\/pages"}],"about":[{"href":"https:\/\/maennerschmie.de\/index.php\/wp-json\/wp\/v2\/types\/page"}],"author":[{"embeddable":true,"href":"https:\/\/maennerschmie.de\/index.php\/wp-json\/wp\/v2\/users\/2"}],"replies":[{"embeddable":true,"href":"https:\/\/maennerschmie.de\/index.php\/wp-json\/wp\/v2\/comments?post=611"}],"version-history":[{"count":1,"href":"https:\/\/maennerschmie.de\/index.php\/wp-json\/wp\/v2\/pages\/611\/revisions"}],"predecessor-version":[{"id":2497,"href":"https:\/\/maennerschmie.de\/index.php\/wp-json\/wp\/v2\/pages\/611\/revisions\/2497"}],"wp:attachment":[{"href":"https:\/\/maennerschmie.de\/index.php\/wp-json\/wp\/v2\/media?parent=611"}],"curies":[{"name":"wp","href":"https:\/\/api.w.org\/{rel}","templated":true}]}}