{"id":50,"date":"2011-06-23T11:33:10","date_gmt":"2011-06-23T09:33:10","guid":{"rendered":"https:\/\/iuaviabelfjea.byteway.dev\/?page_id=50"},"modified":"2024-11-16T09:49:54","modified_gmt":"2024-11-16T08:49:54","slug":"datenschutzerklaerung","status":"publish","type":"page","link":"https:\/\/maennerschmie.de\/index.php\/datenschutzerklaerung\/","title":{"rendered":"Datenschutzerkl\u00e4rung"},"content":{"rendered":"<p>Diese Website benutzt Google Analytics, einen Webanalysedienst der Google Inc. (\u201eGoogle\u201c). Google Analytics verwendet sog. \u201eCookies\u201c, Textdateien, die auf Ihrem Computer gespeichert werden und die eine Analyse der Benutzung der Website durch Sie erm\u00f6glichen. Die durch den Cookie erzeugten Informationen \u00fcber Ihre Benutzung dieser Website (einschlie\u00dflich Ihrer IP-Adresse, die jedoch mit der Methode _anonymizeIp() anonymisiert wird, so dass Sie nicht mehr einem Anschluss zugeordnet werden kann) wird an einen Server von Google in den USA \u00fcbertragen und dort gespeichert. Google wird diese Informationen benutzen, um Ihre Nutzung der Website auszuwerten, um Reports \u00fcber die Websiteaktivit\u00e4ten f\u00fcr die Websitebetreiber zusammenzustellen und um weitere mit der Websitenutzung und der Internetnutzung verbundene Dienstleistungen zu erbringen. Auch wird Google diese Informationen gegebenenfalls an Dritte \u00fcbertragen, sofern dies gesetzlich vorgeschrieben oder soweit Dritte diese Daten im Auftrag von Google verarbeiten. Google wird in keinem Fall Ihre IP-Adresse mit anderen Daten von Google in Verbindung bringen. Sie k\u00f6nnen die Installation der Cookies durch eine entsprechende Einstellung Ihrer Browser Software verhindern; wir weisen Sie jedoch darauf hin, dass Sie in diesem Fall gegebenenfalls nicht s\u00e4mtliche Funktionen dieser Website vollumf\u00e4nglich nutzen k\u00f6nnen. Durch die Nutzung dieser Website erkl\u00e4ren Sie sich mit der Bearbeitung der \u00fcber Sie erhobenen Daten durch Google in der zuvor beschriebenen Art und Weise und zu dem zuvor benannten Zweck einverstanden.<br \/>\nSie k\u00f6nnen der Erhebung der Daten durch Google-Analytics mit Wirkung f\u00fcr die Zukunft widersprechen, indem sie ein Deaktivierungs-Add-on (<a href=\"http:\/\/tools.google.com\/dlpage\/gaoptout?hl=de\">http:\/\/tools.google.com\/dlpage\/gaoptout?hl=de<\/a>) f\u00fcr Ihren Browser installieren.<\/p>\n<p>Zur Ermittlung des geografischen Standortes und Spam-Vermeidung sendet die Website die anonymisierte, also gek\u00fcrzte IP-Adresse des Kommentators \u00fcber eine gesicherte Verbindung an den Online-Dienst <a href=\"https:\/\/ip2country.info\/\">IP2Country<\/a>.<\/p>\n","protected":false},"excerpt":{"rendered":"<p>Diese Website benutzt Google Analytics, einen Webanalysedienst der Google Inc. (\u201eGoogle\u201c). Google Analytics verwendet sog. \u201eCookies\u201c, Textdateien, die auf Ihrem Computer gespeichert werden und die eine Analyse der Benutzung der Website durch Sie erm\u00f6glichen. Die durch den Cookie erzeugten Informationen \u00fcber Ihre Benutzung dieser Website (einschlie\u00dflich Ihrer IP-Adresse, die jedoch mit der Methode _anonymizeIp() anonymisiert [&hellip;]<\/p>\n","protected":false},"author":2,"featured_media":0,"parent":0,"menu_order":0,"comment_status":"closed","ping_status":"closed","template":"","meta":{"_monsterinsights_skip_tracking":false,"_monsterinsights_sitenote_active":false,"_monsterinsights_sitenote_note":"","_monsterinsights_sitenote_category":0,"footnotes":""},"class_list":["post-50","page","type-page","status-publish","hentry"],"_links":{"self":[{"href":"https:\/\/maennerschmie.de\/index.php\/wp-json\/wp\/v2\/pages\/50","targetHints":{"allow":["GET"]}}],"collection":[{"href":"https:\/\/maennerschmie.de\/index.php\/wp-json\/wp\/v2\/pages"}],"about":[{"href":"https:\/\/maennerschmie.de\/index.php\/wp-json\/wp\/v2\/types\/page"}],"author":[{"embeddable":true,"href":"https:\/\/maennerschmie.de\/index.php\/wp-json\/wp\/v2\/users\/2"}],"replies":[{"embeddable":true,"href":"https:\/\/maennerschmie.de\/index.php\/wp-json\/wp\/v2\/comments?post=50"}],"version-history":[{"count":1,"href":"https:\/\/maennerschmie.de\/index.php\/wp-json\/wp\/v2\/pages\/50\/revisions"}],"predecessor-version":[{"id":2355,"href":"https:\/\/maennerschmie.de\/index.php\/wp-json\/wp\/v2\/pages\/50\/revisions\/2355"}],"wp:attachment":[{"href":"https:\/\/maennerschmie.de\/index.php\/wp-json\/wp\/v2\/media?parent=50"}],"curies":[{"name":"wp","href":"https:\/\/api.w.org\/{rel}","templated":true}]}}