{"id":314,"date":"2012-01-17T19:46:50","date_gmt":"2012-01-17T17:46:50","guid":{"rendered":"https:\/\/iuaviabelfjea.byteway.dev\/?page_id=314"},"modified":"2012-01-17T19:46:50","modified_gmt":"2012-01-17T17:46:50","slug":"manner-und-karriere","status":"publish","type":"page","link":"https:\/\/maennerschmie.de\/index.php\/manner-und-karriere\/","title":{"rendered":"\u201eM\u00e4nner und Karriere\u201c"},"content":{"rendered":"<p>M\u00e4nner bestimmen sich aus ihrem Tun heraus. \u00dcber das, was sie tun. Wie viel sie tun. Wie viel sie dadurch verdienen und was sie f\u00fcr einen Titel auf der Visitenkarte haben. Und M\u00e4nner tun gerne mehr. Wenn sie der Meinung sind, dass es nicht reicht. Noch nicht. Oder wenn sie sich vor der Ruhe f\u00fcrchten, die manchmal so am Feierabend lauert. Und sie nicht wissen, wie sie damit umgehen sollen. Dann lieber tun.<\/p>\n<p>Was M\u00e4nner manchmal nicht wissen ist, wof\u00fcr und f\u00fcr wen sie was tun. Aber das mit einer gro\u00dfen Kraftanstrengung und Vehemenz.<\/p>\n<p>Dieses Wochenende widmen wir der Alltagsanalyse, dem Balancecheck und -tuning aus privaten und beruflichen T\u00e4tigkeiten | \u201eVision Quest\u201c | was kann, was will ich noch erreichen? | Potenzialentwicklung und -entfaltung | Focussierung |Elementare erste Schritte| Milestones.<\/p>\n<p>Und auch die Frage \u201eWarum tue ich das alles\u201c kommt an diesem Wochenende vor. F\u00fcr jeden, der sie sich stellen will. Und wir suchen gemeinsam nach den individuellen Antworten darauf.<\/p>\n<p>Ehren\u00e4mter | Freizeit vs. Berufsleben (Burnout) | W\u00fcrdigung der erreichten Ziele<br \/>\nSt\u00e4rken\/Schw\u00e4chenanalyse | Konzentration auf das, was \u201efunktioniert\u201c | DelphinStrategien (Lynch\/Kordis) k\u00f6nnen \u00fcber das berufliche Thema hinaus ebenfalls mit ins Wochenende gebracht werden. Wof\u00fcr setze ich meine Zeit ein, was erwarte ich davon und wie geht es mir mit meinem bisherigen Zeiteinsatz?<\/p>\n<p>Wichtiger Bestandteil des Wochenendes sind \u00dcbungen und Anleitungen, um pers\u00f6nliche Themen, die Sie bewegen, herauszufinden. Des Weiteren m\u00f6chten wir Ihnen einen \u201eErste-Hilfe-Koffer\u201c anbieten, mit dem Sie auch in st\u00fcrmischen Zeiten Ruhe und einen klaren Kopf behalten k\u00f6nnen. Vor allem dieser \u201eErste-Hilfe-Koffer\u201c liegt uns sehr am Herzen. Weil er Ihnen nicht nur in der Arbeit mit uns, sondern auch generell in Ihrem Alltag hilft, immer eine Hilfe zu finden, eine Art Stress-Pr\u00e4vention f\u00fcr alle Lebenslagen.<\/p>\n<p>Selbstregulierung im Alltag, Kopffutter f\u00fcr M\u00e4nnerhirne, Einzel- und Gruppenarbeiten zu aktuellen Themen, Pers\u00f6nliche Standortbestimmung in Einzel- und Gruppenarbeit, pers\u00f6nliche Ressourcen f\u00fcr den Alltag schaffen.<\/p>\n<p>Das werden Sie auf jeden Fall mitnehmen:<\/p>\n<ul>\n<li>Selbstregulierungsmethoden f\u00fcr den Abbau von Stress im Alltag<\/li>\n<li>Exakte Standortbestimmung, wo Sie jetzt gerade stehen und wo Sie hin wollen<\/li>\n<li>Mehr Ressourcen f\u00fcr die Bew\u00e4ltigung des Alltags<\/li>\n<\/ul>\n<p><strong>Organisatorisches<\/strong><\/p>\n<p>Das Wochenende dauert von Freitagsp\u00e4tnachmittag bis Sonntagnachmittag und kostet 550,- \u20ac inkl. MwSt (ohne Unterkunft\/Verpflegung). Rabatte sind m\u00f6glich. Diese entnehmen Sie bitte der Seite Kosten. Die genauen Termine entnehmen Sie bitte der Terminseite hier auf der Webseite.<\/p>\n","protected":false},"excerpt":{"rendered":"<p>M\u00e4nner bestimmen sich aus ihrem Tun heraus. \u00dcber das, was sie tun. Wie viel sie tun. Wie viel sie dadurch verdienen und was sie f\u00fcr einen Titel auf der Visitenkarte haben. Und M\u00e4nner tun gerne mehr. Wenn sie der Meinung sind, dass es nicht reicht. Noch nicht. Oder wenn sie sich vor der Ruhe f\u00fcrchten, [&hellip;]<\/p>\n","protected":false},"author":2,"featured_media":0,"parent":0,"menu_order":6,"comment_status":"open","ping_status":"open","template":"","meta":{"_monsterinsights_skip_tracking":false,"_monsterinsights_sitenote_active":false,"_monsterinsights_sitenote_note":"","_monsterinsights_sitenote_category":0,"footnotes":""},"class_list":["post-314","page","type-page","status-publish","hentry"],"_links":{"self":[{"href":"https:\/\/maennerschmie.de\/index.php\/wp-json\/wp\/v2\/pages\/314","targetHints":{"allow":["GET"]}}],"collection":[{"href":"https:\/\/maennerschmie.de\/index.php\/wp-json\/wp\/v2\/pages"}],"about":[{"href":"https:\/\/maennerschmie.de\/index.php\/wp-json\/wp\/v2\/types\/page"}],"author":[{"embeddable":true,"href":"https:\/\/maennerschmie.de\/index.php\/wp-json\/wp\/v2\/users\/2"}],"replies":[{"embeddable":true,"href":"https:\/\/maennerschmie.de\/index.php\/wp-json\/wp\/v2\/comments?post=314"}],"version-history":[{"count":0,"href":"https:\/\/maennerschmie.de\/index.php\/wp-json\/wp\/v2\/pages\/314\/revisions"}],"wp:attachment":[{"href":"https:\/\/maennerschmie.de\/index.php\/wp-json\/wp\/v2\/media?parent=314"}],"curies":[{"name":"wp","href":"https:\/\/api.w.org\/{rel}","templated":true}]}}