{"id":311,"date":"2012-01-17T19:45:32","date_gmt":"2012-01-17T17:45:32","guid":{"rendered":"https:\/\/iuaviabelfjea.byteway.dev\/?page_id=311"},"modified":"2017-01-04T17:40:25","modified_gmt":"2017-01-04T16:40:25","slug":"manner-und-beziehung","status":"publish","type":"page","link":"https:\/\/maennerschmie.de\/index.php\/manner-und-beziehung\/","title":{"rendered":"\u201eM\u00e4nner und Beziehung\u201c"},"content":{"rendered":"<p>Die meisten M\u00e4nner sind wie Lucky Luke oder John Wayne. Oder besser \u2013 wie beide. M\u00e4nner brauchen keine Beziehung. Sie k\u00f6nnen alles besser. Und dazu brauchen sie viel Ruhe und Freiraum. Und niemanden, der Ihnen sagt, wie sie sein sollen. Und was sie tun sollen. Das hatten sie schon mal \u2013 bei ihrer Mutter. Und das wollen sie nicht mehr. Niemand der n\u00f6rgelt, niemanden, der sie bedr\u00e4ngt und etwas von ihnen will.<\/p>\n<p>Oder Sie tun alles f\u00fcr die andere. Hilfsbereit, nachsichtig, vorausahnend und immer auf dem Sprung etwas zu helfen. Dabei stets gut gelaunt. Immer einen Witz auf den Lippen. Immer ein \u201eDas wird schon\u201c im Mund und vor allem im eigenen Kopf.<\/p>\n<p>Daf\u00fcr tun sie viel. Tun ist \u00fcberhaupt m\u00e4nnlich. Viel arbeiten. Viel Sport. Viel anderen helfen. Viel starke Schulter zeigen. Viel trinken. Viel rauchen etc. Und ja nicht auf sich selbst aufpassen. Weil \u2013 John Wayne stirbt ja nicht. Er wird auch nicht verletzt.<\/p>\n<p>Bis? Ja bis meistens die Frau den ersten Schritt macht. Und nicht mehr zufrieden ist. Mit der Performance des Mannes. Mit seinen sparsamen Worten. Mit seiner Flucht vor N\u00e4he. Mit seiner Unf\u00e4higkeit, offen \u201eNein, das will ich so nicht\u201c zu sagen. Bis sie gerne ein erwachseneres Exemplar h\u00e4tten. Und nicht mehr den gro\u00dfen Buben, den sie damals so attraktiv, lustig und ungef\u00e4hrlich hielten. Und der sie mittlerweile ankotzt.<\/p>\n<p>Und da fallen sie aus den Wolken. Die M\u00e4nner. Aus allen. Haben vielleicht schon ab und zu gemerkt, dass es hakt in der Beziehung. Der Sex wurde weniger. Oder hat ganz aufgeh\u00f6rt. Aber \u2013 passt schon, wird schon. Und jetzt ist es aus?<\/p>\n<p>M\u00e4nner und ihre Beziehungen ist das gro\u00dfe Thema dieses Blockes. Beziehung zu sich selbst, zu Frauen, zu Kindern. Partnerschaft. Freundschaften generell zu anderen Menschen, Sozialkontakte.<\/p>\n<p>\u201eSchatz, wie war ich?\u201c | Sex und Potenz | \u201eIs there really Sex after marriage?\u201c | \u201eDie Frauen, die ich hatte, waren fast alle schlecht im Bett!\u201c | Was macht guten Sex aus? \u2013 ein guter Liebhaber! | Sex im Dreieck von Liebe, Kunst und Sport | Erfahrungsaustausch | Sex als Mittel zu Transformation (Entfaltung, Gestaltung) von bislang unbewussten Pers\u00f6nlichkeitsanteilen (z. B. Macht und Demut)<\/p>\n<p>\u201eWer zur Sonne fliegt, sieht seinen Schatten nicht!\u201c | \u201eErziehungsfehler\u201c, pers\u00f6nliche \u00dcberlebensstile, blinde Flecken | Blinde Flecken in Beziehung und Beruf | Sehen und Hinschauen lernen<\/p>\n<p>Wichtiger Bestandteil des Wochenendes sind \u00dcbungen und Anleitungen, um pers\u00f6nliche Themen, die Sie bewegen, herauszufinden. Des Weiteren m\u00f6chten wir Ihnen einen \u201eErste-Hilfe-Koffer\u201c anbieten, mit dem Sie auch in st\u00fcrmischen Zeiten Ruhe und einen klaren Kopf behalten k\u00f6nnen. Vor allem dieser \u201eErste-Hilfe-Koffer\u201c liegt uns sehr am Herzen. Weil er Ihnen nicht nur in der Arbeit mit uns, sondern auch generell in Ihrem Alltag hilft, immer eine Hilfe zu finden, eine Art Stress-Pr\u00e4vention f\u00fcr alle Lebenslagen.<\/p>\n<p>Selbstregulierung im Alltag, Kopffutter f\u00fcr M\u00e4nnerhirne, Einzel- und Gruppenarbeiten zu aktuellen Themen, Pers\u00f6nliche Standortbestimmung in Einzel- und Gruppenarbeit, pers\u00f6nliche Ressourcen f\u00fcr den Alltag schaffen.<\/p>\n<p>Ein Tag dieses Wochenendes erfahren Sie konstruktive, neutrale Kritik Ihrer Wirkung auf &#8220;die Frau&#8221;. Stellen Sie sich einer Frau, die -nicht Mutter, Nicht- Partnerin, sondern die Sie als Frau, Sie als Mann anschaut. Ihnen zuh\u00f6rt. Und Ihre Wirkung optimiert.<\/p>\n<p>Das werden Sie auf jeden Fall mitnehmen:<\/p>\n<ul>\n<li>Selbstregulierungsmethoden f\u00fcr den Abbau von Stress im Alltag<\/li>\n<li>Exakte Standortbestimmung, wo Sie jetzt gerade stehen und wo Sie hin wollen<\/li>\n<li>Mehr Ressourcen f\u00fcr die Bew\u00e4ltigung des Alltags<\/li>\n<\/ul>\n<p><strong>Organisatorisches<\/strong><\/p>\n<p>Das Wochenende dauert von Freitagsp\u00e4tnachmittag bis Sonntagnachmittag und kostet 550,- \u20ac inkl. MwSt (ohne Unterkunft\/Verpflegung). Rabatte sind m\u00f6glich. Diese entnehmen Sie bitte der Seite Kosten. Die genauen Termine entnehmen Sie bitte der Terminseite hier auf der Webseite.<\/p>\n","protected":false},"excerpt":{"rendered":"<p>Die meisten M\u00e4nner sind wie Lucky Luke oder John Wayne. Oder besser \u2013 wie beide. M\u00e4nner brauchen keine Beziehung. Sie k\u00f6nnen alles besser. Und dazu brauchen sie viel Ruhe und Freiraum. Und niemanden, der Ihnen sagt, wie sie sein sollen. Und was sie tun sollen. Das hatten sie schon mal \u2013 bei ihrer Mutter. Und [&hellip;]<\/p>\n","protected":false},"author":2,"featured_media":0,"parent":0,"menu_order":5,"comment_status":"open","ping_status":"open","template":"","meta":{"_monsterinsights_skip_tracking":false,"_monsterinsights_sitenote_active":false,"_monsterinsights_sitenote_note":"","_monsterinsights_sitenote_category":0,"footnotes":""},"class_list":["post-311","page","type-page","status-publish","hentry"],"_links":{"self":[{"href":"https:\/\/maennerschmie.de\/index.php\/wp-json\/wp\/v2\/pages\/311","targetHints":{"allow":["GET"]}}],"collection":[{"href":"https:\/\/maennerschmie.de\/index.php\/wp-json\/wp\/v2\/pages"}],"about":[{"href":"https:\/\/maennerschmie.de\/index.php\/wp-json\/wp\/v2\/types\/page"}],"author":[{"embeddable":true,"href":"https:\/\/maennerschmie.de\/index.php\/wp-json\/wp\/v2\/users\/2"}],"replies":[{"embeddable":true,"href":"https:\/\/maennerschmie.de\/index.php\/wp-json\/wp\/v2\/comments?post=311"}],"version-history":[{"count":0,"href":"https:\/\/maennerschmie.de\/index.php\/wp-json\/wp\/v2\/pages\/311\/revisions"}],"wp:attachment":[{"href":"https:\/\/maennerschmie.de\/index.php\/wp-json\/wp\/v2\/media?parent=311"}],"curies":[{"name":"wp","href":"https:\/\/api.w.org\/{rel}","templated":true}]}}