{"id":306,"date":"2012-01-17T19:27:50","date_gmt":"2012-01-17T17:27:50","guid":{"rendered":"https:\/\/iuaviabelfjea.byteway.dev\/?page_id=306"},"modified":"2012-01-17T19:27:50","modified_gmt":"2012-01-17T17:27:50","slug":"seminarwochenende-manner-und-ihr-ich","status":"publish","type":"page","link":"https:\/\/maennerschmie.de\/index.php\/seminarwochenende-manner-und-ihr-ich\/","title":{"rendered":"\u201eM\u00e4nner und ihr Ich\u201c"},"content":{"rendered":"<p>Bin wichtig. ICH drehe mich nur um mich selbst. Alle doof \u2013 au\u00dfer Ich. Es passiert in MEINEM Leben- aber was hat das mit MIR zu tun? Alles w\u00e4re leichter, wenn SIE nur anders w\u00e4ren<\/p>\n<p>Wie das Gras im Wind sich biegen muss, um nicht gebrochen zu werden, so m\u00fcssen sich auch M\u00e4nner dem Wind stellen, der manchmal kalt ins Gesicht bl\u00e4st. Wer sich abwendet, sieht nicht, woher der Wind weht &#8211; und was noch damit kommt!<\/p>\n<p>Die pers\u00f6nliche Entwicklung dauert lange, sie endet nicht mit einem Rhetorik- oder Pr\u00e4sentationsseminar, eine einmalige Partnerschaftsberatung ist ein Tropfen auf einem hei\u00dfen Stein \u2013 nein, es ist ein lebenslanger Prozess. Die damit verbundene Entwicklung kann Mann durch Ablenkung und Zerstreuung (Internet, Alkohol, Fu\u00dfball, Freunde, TV) vielleicht verz\u00f6gern \u2013 aber die Erfahrungen wollen gemacht werden. Und sie kommen.<\/p>\n<p>Nur \u2013 mit dem Handwerkszeug aus Schule, Ausbildung und Job sind die MENSCHLICHEN Probleme weder im Beruf noch in der Beziehung zu l\u00f6sen.<\/p>\n<p>\u201eWas hilft es, bessere Zeiten zu w\u00fcnschen und zu hoffen? \u00c4ndert euch nur selbst, so \u00e4ndern sich auch die Zeiten. Ohne M\u00fche geht nichts.\u201c B. Franklin.<\/p>\n<p>Wissen wir genau, was Chefs oder Frauen meinen, wenn sie von Ihrer Karriere, einem \u201egestandenen Mannsbild\u201c reden? Und haben wir nicht Angst, unbequeme Antworten zu finden? Antworten, die auch bedeuten, dass man sich ein St\u00fcck weit ver\u00e4ndern m\u00fcsste, weil sich die gesellschaftlichen Bedingungen ver\u00e4ndert haben.<\/p>\n<p>Kein Mann hat gelernt, wie man ein Team oder eine Beziehung aktiv, positiv F\u00dcHRT, wie man ein Kind erzieht. Und die wachsende Notwendigkeit dieser \u00c4nderung kann MANN entweder leugnen, verdr\u00e4ngen ignorieren oder mit Mut angehen.<\/p>\n<p>Der Geist, die Seele, das Herz wachsen sowieso \u2013 aber wie begleiten oder gestalten wir diesen Wachstumsprozess \u2013 um uns nicht als \u201eOpfer der Umst\u00e4nde\u201c zu f\u00fchlen?<\/p>\n<p>Wir, in der Maennerschmie.de gehen es an: Wir heben gemeinsam den Kopf, wir schauen mit Ihnen nach hinten: \u201eWo kommen Sie her?\u201c &#8211; und halten den Kopf in den Wind, nach vorn: \u201eWas ist da, wo Sie hinwollen?\u201c Wenn einer von uns schon mal dort war, kann er Ihnen sagen, was Sie dort erwartet \u2013 und Sie k\u00f6nnen vielleicht neu w\u00e4hlen.<\/p>\n<p>Wo immer Sie hinwollen \u2013 f\u00fcr die Reise und das Ziel brauchen Sie ein anderes ICH: Keine Windeln mehr \u2013 sondern Kickboard. Kein Fahrrad mehr, sondern Roller. Kein Auto mehr, sondern Segelschein- K\u00fcste, Das Ticket f\u00fcr die Karriere: Trecking- Schuhe oder Budapester?<\/p>\n<p>Oder mit Mahatma Gandhi: \u201eBE the change you want to see in the world.\u201c<br \/>\n\u201eJust do it.\u201c<\/p>\n<p>M\u00e4nner und das eigene Ich ist Thema dieses Wochenendes. Rationales, emotionales und spirituelles Ich | Selbstbild vs. Fremdbild | Bewusstes und Unbewusstes Ich. Integrit\u00e4t, Treue; Einheit von Denken, Sprechen und Handeln: Ein Mann \u2013 ein Wort | Stimme und Sprache: Was st\u00e4rkt, was schw\u00e4cht mein Wort und seine Wirkung? M\u00e4nnliche Sprache: Wort-Sein.<\/p>\n<p>Wichtiger Bestandteil des Wochenendes sind \u00dcbungen und Anleitungen, um pers\u00f6nliche Themen, die Sie bewegen, herauszufinden. Des Weiteren m\u00f6chten wir Ihnen einen \u201eErste-Hilfe-Koffer\u201c anbieten, mit dem Sie auch in st\u00fcrmischen Zeiten Ruhe und einen klaren Kopf behalten k\u00f6nnen. Vor allem dieser \u201eErste-Hilfe-Koffer\u201c liegt uns sehr am Herzen. Weil er Ihnen nicht nur in der Arbeit mit uns, sondern auch generell in Ihrem Alltag hilft, immer eine Hilfe  zu finden, eine Art Stress-Pr\u00e4vention f\u00fcr alle Lebenslagen.<\/p>\n<p>Selbstregulierung im Alltag, Kopffutter f\u00fcr M\u00e4nnerhirne, Einzel- und Gruppenarbeiten zu aktuellen Themen, Pers\u00f6nliche Standortbestimmung in Einzel- und Gruppenarbeit, pers\u00f6nliche Ressourcen f\u00fcr den Alltag schaffen.<\/p>\n<p>Das werden Sie auf jeden Fall mitnehmen:<\/p>\n<ul>\n<li>Selbstregulierungsmethoden f\u00fcr den Abbau von Stress im Alltag<\/li>\n<li>Exakte Standortbestimmung, wo Sie jetzt gerade stehen und wo Sie hin wollen<\/li>\n<li>Mehr Ressourcen f\u00fcr die Bew\u00e4ltigung des Alltags<\/li>\n<\/ul>\n<p><strong>Organisatorisches<\/strong><\/p>\n<p>Das Wochenende dauert von Freitagsp\u00e4tnachmittag bis Sonntagnachmittag  und kostet 550,- \u20ac inkl. MwSt (ohne Unterkunft\/Verpflegung). Rabatte sind m\u00f6glich. Diese entnehmen Sie bitte der Seite Kosten. Die genauen Termine entnehmen Sie bitte der Terminseite hier auf der Webseite.<\/p>\n","protected":false},"excerpt":{"rendered":"<p>Bin wichtig. ICH drehe mich nur um mich selbst. Alle doof \u2013 au\u00dfer Ich. Es passiert in MEINEM Leben- aber was hat das mit MIR zu tun? Alles w\u00e4re leichter, wenn SIE nur anders w\u00e4ren Wie das Gras im Wind sich biegen muss, um nicht gebrochen zu werden, so m\u00fcssen sich auch M\u00e4nner dem Wind [&hellip;]<\/p>\n","protected":false},"author":2,"featured_media":0,"parent":0,"menu_order":4,"comment_status":"open","ping_status":"closed","template":"","meta":{"_monsterinsights_skip_tracking":false,"_monsterinsights_sitenote_active":false,"_monsterinsights_sitenote_note":"","_monsterinsights_sitenote_category":0,"footnotes":""},"class_list":["post-306","page","type-page","status-publish","hentry"],"_links":{"self":[{"href":"https:\/\/maennerschmie.de\/index.php\/wp-json\/wp\/v2\/pages\/306","targetHints":{"allow":["GET"]}}],"collection":[{"href":"https:\/\/maennerschmie.de\/index.php\/wp-json\/wp\/v2\/pages"}],"about":[{"href":"https:\/\/maennerschmie.de\/index.php\/wp-json\/wp\/v2\/types\/page"}],"author":[{"embeddable":true,"href":"https:\/\/maennerschmie.de\/index.php\/wp-json\/wp\/v2\/users\/2"}],"replies":[{"embeddable":true,"href":"https:\/\/maennerschmie.de\/index.php\/wp-json\/wp\/v2\/comments?post=306"}],"version-history":[{"count":0,"href":"https:\/\/maennerschmie.de\/index.php\/wp-json\/wp\/v2\/pages\/306\/revisions"}],"wp:attachment":[{"href":"https:\/\/maennerschmie.de\/index.php\/wp-json\/wp\/v2\/media?parent=306"}],"curies":[{"name":"wp","href":"https:\/\/api.w.org\/{rel}","templated":true}]}}