{"id":273,"date":"2011-09-06T18:38:06","date_gmt":"2011-09-06T16:38:06","guid":{"rendered":"https:\/\/iuaviabelfjea.byteway.dev\/?page_id=273"},"modified":"2011-09-06T18:38:06","modified_gmt":"2011-09-06T16:38:06","slug":"manner-auszeit-in-salzburg","status":"publish","type":"page","link":"https:\/\/maennerschmie.de\/index.php\/manner-auszeit-in-salzburg\/","title":{"rendered":"M\u00e4nner-Auszeit in Salzburg"},"content":{"rendered":"<p>M\u00e4nnerauszeit bedeutet f\u00fcr uns, dass wir uns gemeinsam und jeder f\u00fcr sich bewusst ein Wochenende pro Monat Auszeit f\u00fcr sich als Mann unter M\u00e4nnern nimmt. M\u00e4nnerauszeit kann innerhalb dieses zeitlichen Rahmens eine Stunde, einen Tag \u2013 oder wie in unserem M\u00e4nnerseminar ein komplettes Wochenende bedeuten. Wir verstehen M\u00e4nnerauszeit so, dass jeder teilnehmende Mann pro Themenblock drei Wochenenden in drei Monaten seine Auszeit nimmt.<\/p>\n<p>Unsere M\u00e4nnerauszeit bedeutet nicht Arbeit, Hektik und Stress. Ganz im Gegenteil: Es gibt nichts zu tun, nichts zu leisten. Keine Anstrengung. Zusammen mit Ihnen und den anderen Teilnehmern schauen wir auf das, was gerade aktuell im Raum steht, das kann sein:<\/p>\n<ul>\n<li>Permanenter Leistungdruck<\/li>\n<li>Wenig Zeit f\u00fcr mich selbst<\/li>\n<li>Keine befriedigenden Beziehungen\/Einsamkeit<\/li>\n<li>Keine eigenen Ziele und Visionen mehr<\/li>\n<li>Der erreichte Erfolg schmeckt schaal<\/li>\n<li>usw.<\/li>\n<\/ul>\n<p><strong>M\u00e4nnerauszeit bedeutet bewusste Zeit nur f\u00fcr sich selbst.<\/strong><\/p>\n<p>Sie tun in unserer M\u00e4nnerauszeit etwas f\u00fcr sich, kommen mehr zu sich und bleiben es auch. Wir nehmen uns an diesen Wochenenden unserer M\u00e4nnerauszeit bewusst Zeit f\u00fcr uns \u2013 abseits vom Alltag, in einer vern\u00fcnftigen Balance zwischen Ruhe und Arbeit an Ihren Themen. Oder \u2013 Sie nutzen die M\u00e4nnerauszeit als Refugium f\u00fcr sich um einfach nur zu sein.<\/p>\n<p>Bei unserer M\u00e4nnerauszeit geht es darum, gemeinsam Tage zu erleben, zu genie\u00dfen, zu diskutieren und einfach zu sein. Und auftanken. In Verbindung mit Sport wenn gew\u00fcnscht, aber auf jeden Fall auf Ihre Bed\u00fcrfnisse abgestimmt.<\/p>\n<p>Eine M\u00e4nnerauszeit bedeutet nicht Anstrengung und Stress \u2013 sondern genau das Gegenteil: Sie tun etwas f\u00fcr sich und sind ganz bei sich. Und das unterscheidet unsere M\u00e4nnerauszeit von anderen Seminaren oder einem Urlaub mit der Familie. Es gibt nichts zu tun! Es gibt auch nichts zu leisten. Es geht nur um Sie \u2013 so komisch das vielleicht im ersten Moment auch klingen mag und so komisch das die ersten Stunden in unserer M\u00e4nnerauszeit sich das auch anf\u00fchlen mag.<\/p>\n<p><strong>M\u00e4nnerauszeit in unserem Verst\u00e4ndnis bedeutet kein zus\u00e4tzlicher Stress.<\/strong><\/p>\n<p>Sie als Mann stehen in der M\u00e4nnerauszeit alleine an erster Stelle. Zusammen mit den anderen Teilnehmern unseres M\u00e4nnerseminars und mit uns beiden Coaches f\u00fcr M\u00e4nner. Sie leisten sich Ihre M\u00e4nnerauszeit als bewusste Investition in sich selbst. Ohne geschickt zu werden. Ohne gedr\u00e4ngt zu werden. Es ist Ihre M\u00e4nnerauszeit. Und zwar genauso, wie Sie sie gerne h\u00e4tten. Unser M\u00e4nnerseminar bildet hier nur den organisatorischen Rahmen und erm\u00f6glicht es Ihnen, dieses jeweilige Wochenende individuell f\u00fcr sich selbst zu nutzen.<\/p>\n<p>Eine aktiv bejahte M\u00e4nnerauszeit lohnt sich immer, weil sie auch ein st\u00fcckweit Selbstsorge und bewusstes Eingehen auf sich selbst bedeutet: Ich als Mensch und Mann bin mir so wichtig und wertvoll, dass ich mir bewusst Zeit in einer M\u00e4nnerauszeit g\u00f6nne. Ich bin es mir wert und ich gebe mir Zeit in meinem Leben. Das ist vielleicht eine gute Motivation f\u00fcr Ihre n\u00e4chsten Schritte.<\/p>\n<p>Salzburg und das Salzburger Land beinhaltet unter anderem folgende Orte: Salzburg, Salzburg-Stadt, Salzuburg-Umgebung, Hallein, Saalfelden, Sankt Johann im Pongau, Bischofshofen, Zell am See, Tamsweg, Seekirchen am Wallersee, Oberndorf bei Salzburg, Neumarkt am Wallersee, Radstadt, Bergheim, Hallwang, Koppl, Elsbethen, Anif, Gr\u00f6dig, Wals-Siezenheim, Freilassing, Mittersill.<\/p>\n","protected":false},"excerpt":{"rendered":"<p>M\u00e4nnerauszeit bedeutet f\u00fcr uns, dass wir uns gemeinsam und jeder f\u00fcr sich bewusst ein Wochenende pro Monat Auszeit f\u00fcr sich als Mann unter M\u00e4nnern nimmt. M\u00e4nnerauszeit kann innerhalb dieses zeitlichen Rahmens eine Stunde, einen Tag \u2013 oder wie in unserem M\u00e4nnerseminar ein komplettes Wochenende bedeuten. Wir verstehen M\u00e4nnerauszeit so, dass jeder teilnehmende Mann pro Themenblock [&hellip;]<\/p>\n","protected":false},"author":2,"featured_media":0,"parent":0,"menu_order":0,"comment_status":"open","ping_status":"open","template":"","meta":{"_monsterinsights_skip_tracking":false,"_monsterinsights_sitenote_active":false,"_monsterinsights_sitenote_note":"","_monsterinsights_sitenote_category":0,"footnotes":""},"class_list":["post-273","page","type-page","status-publish","hentry"],"_links":{"self":[{"href":"https:\/\/maennerschmie.de\/index.php\/wp-json\/wp\/v2\/pages\/273","targetHints":{"allow":["GET"]}}],"collection":[{"href":"https:\/\/maennerschmie.de\/index.php\/wp-json\/wp\/v2\/pages"}],"about":[{"href":"https:\/\/maennerschmie.de\/index.php\/wp-json\/wp\/v2\/types\/page"}],"author":[{"embeddable":true,"href":"https:\/\/maennerschmie.de\/index.php\/wp-json\/wp\/v2\/users\/2"}],"replies":[{"embeddable":true,"href":"https:\/\/maennerschmie.de\/index.php\/wp-json\/wp\/v2\/comments?post=273"}],"version-history":[{"count":0,"href":"https:\/\/maennerschmie.de\/index.php\/wp-json\/wp\/v2\/pages\/273\/revisions"}],"wp:attachment":[{"href":"https:\/\/maennerschmie.de\/index.php\/wp-json\/wp\/v2\/media?parent=273"}],"curies":[{"name":"wp","href":"https:\/\/api.w.org\/{rel}","templated":true}]}}