{"id":263,"date":"2011-09-06T18:28:20","date_gmt":"2011-09-06T16:28:20","guid":{"rendered":"https:\/\/iuaviabelfjea.byteway.dev\/?page_id=263"},"modified":"2011-09-06T18:28:20","modified_gmt":"2011-09-06T16:28:20","slug":"manner-initiation-im-salzburger-land","status":"publish","type":"page","link":"https:\/\/maennerschmie.de\/index.php\/manner-initiation-im-salzburger-land\/","title":{"rendered":"M\u00e4nner-Initiation im Salzburger Land"},"content":{"rendered":"<p>Viele M\u00e4nnerseminare und Coachings f\u00fcr M\u00e4nner besch\u00e4ftigten sich mit M\u00e4nnerinitiation. Wir sagen nicht direkt Nein zur M\u00e4nnerinitiation, aber auch nicht vollkommen Ja. Bleiben wir beim \u201enicht direkt Nein\u201c zur M\u00e4nnerinitiation: Initiation wurde in archaischeren Zeiten dazu benutzt, um den Jungen bewusst einen \u00dcbergang zu bieten \u2013 weg von der Mutter und hin zu den M\u00e4nnern. So weit so gut. Gleichzeitig wurde aber in der M\u00e4nnerinitiation auch versucht, den Jungen Angst und Schrecken zu vertreiben um sie zu furchtlosen Kriegern zu machen. Und Angst und Schrecken wurde durch noch gr\u00f6\u00dfere Angst und Schrecken, durch Abstumpfung vertrieben. Das ist unser Nein zur M\u00e4nnerinitiation.<\/p>\n<p><strong>M\u00e4nnerinitiation bedeutet \u00dcberg\u00e4nge im Leben wahrzunehmen.<\/strong><\/p>\n<p>Das Ja ist dort, wo es um bewusste \u00dcberg\u00e4nge geht, die heute nicht mehr so wahrgenommen und\/oder zelebriert werden. M\u00e4nnerinitiation bedeutet f\u00fcr uns, gemeinsam mit Ihnen anzuschauen, welche \u00dcberg\u00e4nge es in Ihrem Leben so gab:<\/p>\n<ul>\n<li>Pubert\u00e4t und Abl\u00f6sung von den Eltern<\/li>\n<li>Berufsausbildung\/Studium<\/li>\n<li>Die erste Beziehung\/gemeinsame Wohnung<\/li>\n<li>Der erste Job<\/li>\n<li>Kinder<\/li>\n<li>Tod der Eltern<\/li>\n<li>Die eigene Krankheit<\/li>\n<\/ul>\n<p>um ein paar m\u00f6gliche \u00dcberg\u00e4nge f\u00fcr Ihr Leben zu nennen. \u00dcber die meisten dieser \u00dcberg\u00e4nge gehen wir kommentarlos hinweg, nehmen sie nicht wahr und beachten sie auch nicht. In unserer M\u00e4nnerinitiation kehren wir zu diesen individuellen \u00dcberg\u00e4ngen in Ihrem Leben wieder zur\u00fcck.<\/p>\n<p>Um gemeinsam mit Ihnen zu schauen, ob diese M\u00e4nnerinitiationen auch wirklich so verlaufen sind, wie Sie sie denn gebraucht h\u00e4tten. Ob da was gefehlt hat? Ob etwas dazukommen h\u00e4tte m\u00fcssen? Damit die \u00dcberg\u00e4nge im Nachhinein klarer werden, damit Sie f\u00fcr Sie in der Gegenwart besser handelbar sind.<\/p>\n<p><strong>Eine M\u00e4nnerinitiation ist stressfrei und macht den Blick klar.<\/strong><\/p>\n<p>M\u00e4nnerinitiation ist in unseren Augen etwas Sanftes. Etwas, was keinen Angst, Stress und Schrecken bereitet. Das haben wir \u201eim richtigen Leben\u201c genug \u2013 fast t\u00e4glich. M\u00e4nnerinitiation hat f\u00fcr uns mit anderen M\u00e4nnern zu tun. Mit einer rein m\u00e4nnlichen Peergroup. Die ganz unterschiedlich ist und nur das Mannsein als kleinsten Nenner hat. Und jeder dieser ganz unterschiedlichen M\u00e4nnern kann uns etwas mitgeben \u2013 von seinem Mannsein. Und damit unsere M\u00e4nnerinitiation komplettieren.<\/p>\n<p>So dass wir vielleicht diese unterschiedlichen Facetten des Mannseins besser erkennen, fassen und integrieren k\u00f6nnen. Zu einem vollst\u00e4ndigeren Mann. Und diese Facetten auch weitergeben k\u00f6nnen \u2013 an unsere Kinder, an Freunde und an andere M\u00e4nner. Ganz selbstverst\u00e4ndlich. Weil wir wissen, dass Mannsein ganz unterschiedliche Facetten hat. Und zu einer solchen M\u00e4nnerinitiation sagen wir vollumf\u00e4nglich Ja. Und leben dies auch bei uns in unserem M\u00e4nnerseminar oder unserem Coaching f\u00fcr M\u00e4nner.<\/p>\n<p>Salzburg und das Salzburger Land beinhaltet unter anderem folgende Orte: Salzburg, Salzburg-Stadt, Salzuburg-Umgebung, Hallein, Saalfelden, Sankt Johann im Pongau, Bischofshofen, Zell am See, Tamsweg, Seekirchen am Wallersee, Oberndorf bei Salzburg, Neumarkt am Wallersee, Radstadt, Bergheim, Hallwang, Koppl, Elsbethen, Anif, Gr\u00f6dig, Wals-Siezenheim, Freilassing, Mittersill.<\/p>\n","protected":false},"excerpt":{"rendered":"<p>Viele M\u00e4nnerseminare und Coachings f\u00fcr M\u00e4nner besch\u00e4ftigten sich mit M\u00e4nnerinitiation. Wir sagen nicht direkt Nein zur M\u00e4nnerinitiation, aber auch nicht vollkommen Ja. Bleiben wir beim \u201enicht direkt Nein\u201c zur M\u00e4nnerinitiation: Initiation wurde in archaischeren Zeiten dazu benutzt, um den Jungen bewusst einen \u00dcbergang zu bieten \u2013 weg von der Mutter und hin zu den M\u00e4nnern. [&hellip;]<\/p>\n","protected":false},"author":2,"featured_media":0,"parent":0,"menu_order":0,"comment_status":"open","ping_status":"open","template":"","meta":{"_monsterinsights_skip_tracking":false,"_monsterinsights_sitenote_active":false,"_monsterinsights_sitenote_note":"","_monsterinsights_sitenote_category":0,"footnotes":""},"class_list":["post-263","page","type-page","status-publish","hentry"],"_links":{"self":[{"href":"https:\/\/maennerschmie.de\/index.php\/wp-json\/wp\/v2\/pages\/263","targetHints":{"allow":["GET"]}}],"collection":[{"href":"https:\/\/maennerschmie.de\/index.php\/wp-json\/wp\/v2\/pages"}],"about":[{"href":"https:\/\/maennerschmie.de\/index.php\/wp-json\/wp\/v2\/types\/page"}],"author":[{"embeddable":true,"href":"https:\/\/maennerschmie.de\/index.php\/wp-json\/wp\/v2\/users\/2"}],"replies":[{"embeddable":true,"href":"https:\/\/maennerschmie.de\/index.php\/wp-json\/wp\/v2\/comments?post=263"}],"version-history":[{"count":0,"href":"https:\/\/maennerschmie.de\/index.php\/wp-json\/wp\/v2\/pages\/263\/revisions"}],"wp:attachment":[{"href":"https:\/\/maennerschmie.de\/index.php\/wp-json\/wp\/v2\/media?parent=263"}],"curies":[{"name":"wp","href":"https:\/\/api.w.org\/{rel}","templated":true}]}}