{"id":236,"date":"2011-09-06T18:08:52","date_gmt":"2011-09-06T16:08:52","guid":{"rendered":"https:\/\/iuaviabelfjea.byteway.dev\/?page_id=236"},"modified":"2020-10-11T13:46:35","modified_gmt":"2020-10-11T11:46:35","slug":"mannercoaching-in-bayern","status":"publish","type":"page","link":"https:\/\/maennerschmie.de\/index.php\/mannercoaching-in-bayern\/","title":{"rendered":"M\u00e4nnercoaching in Bayern"},"content":{"rendered":"<p>Ein guter M\u00e4nner-Coach ist wie ein Freund: Er sagt auch Unangenehmes, er nimmt in die Verantwortung, er unterst\u00fctzt, egal, wie es Ihnen geht.<\/p>\n<p>Was macht ein gutes M\u00e4nner-Coaching aus?<\/p>\n<p>Einzeln, Mann zu Mann &#8211; statt <strong><a href=\"https:\/\/iuaviabelfjea.byteway.dev\/index.php\/das-trainingder-workshop\/\" target=\"_blank\" rel=\"noopener noreferrer\">Gruppenarbeit<\/a><\/strong><\/p>\n<p>Der Coach f\u00fcr M\u00e4nner macht sich \u00fcberfl\u00fcssig. Es ist ein \u00fcberschaubarer Weg, mit festem Ziel und Ma\u00dfnahmen, wie dieses Ziel erreicht wird. In unserem Seminar\/Training haben Sie viele Coaches f\u00fcr M\u00e4nner. Das ganze Team widmet sich nur EINEM ZIEL: Ihrer Probleml\u00f6sung. Sie k\u00f6nnen dabei auf Erfahrungen anderer aufbauen, bekommen handfeste Tipps zur Alternativen-Auswahl und Entscheidungsfindung. Und die M\u00e4nner tragen Sie bis zum n\u00e4chsten Termin: wohlwollend, herzlich, intelligent: Sie haben Freunde f\u00fcr sich gefunden. Auch, um f\u00fcr sie da zu sein, wenn sie Sie brauchen.<\/p>\n<p><strong>Ein M\u00e4nnercoach versteht andere M\u00e4nner. Garantiert.<\/strong><\/p>\n<p>Als Coaches f\u00fcr M\u00e4nner in der M\u00e4nnerschmie.de sehen wir es als unsere Aufgabe an, die Teilnehmer mit all dem, was wir an Erfahrungen, Ideen und Mitgef\u00fchl haben, darin zu unterst\u00fctzen, den n\u00e4chsten Schritt auf ihrem Weg zu finden und mit Mut zu gehen. Egal ob sie durch Gestr\u00fcpp (widrige Umst\u00e4nde), durch eine W\u00fcste, (Einsamkeit) oder durch ein (Tr\u00e4nen-)Tal (\u201eOnly when you are really down, there is only one way to go&#8230;\u201c) \u00fcber einen Berg (Karriere: \u201eLife is a mountain, not a beach!\u201c) f\u00fchren. Das verstehen wir unter M\u00e4nner-Coaching: Themen des M\u00e4nner-Coachings k\u00f6nnen sein:<\/p>\n<ul>\n<li>F\u00fchrung &amp; Macht<\/li>\n<li>Die eigenen Werte &amp; Ziele<\/li>\n<li>Besseres Verst\u00e4ndnis f\u00fcr sich selbst: Selbstwertsch\u00e4tzung<\/li>\n<li>Die eigene Worklife-Balance<\/li>\n<li>Die eigenen St\u00e4rken kennenlernen und ausbauen<\/li>\n<li>Freundschaften finden und leben<\/li>\n<\/ul>\n<p>Der M\u00e4nner- Coach ist der Freund, der immer wieder am Wegrand steht und Ihnen das Wasser, den Mantel oder den Mut gibt, weiter zu gehen. Wir sind unseren Teil des Weges gegangen, und niemand hat behauptet, dass er leicht w\u00e4re. Aber mit einem Coach f\u00fcr M\u00e4nner an Ihrer Seite ist der steilste Aufstieg ein Spaziergang (FAST!).<\/p>\n<p><strong>Wie l\u00e4uft das ab?\u00a0<\/strong><\/p>\n<p>Zu jedem Training erhalten Sie im Nachgang Unterst\u00fctzung:<br \/>\nmax. 2 Stunden arbeiten wir an IHREM Thema, ganz pers\u00f6nlich, von Mann zu Mann, telefonisch (WhatsApp call, facetime, Skype- Name Maennerschmie.de) oder von Angesicht zu Angesicht.<\/p>\n<p><strong>Was kommt dabei heraus?<\/strong><\/p>\n<p>Meine ganze Kraft, Erfahrung, Kontakte sind focussiert auf die Erreichung Ihres Zieles. Sie bekommen kein esoterisches Blabla, sondern wir haben einen Bergbach- klaren, lebendigen Austausch, bis Sie eine Entscheidung getroffen haben. Und dann den Mut, diese zu fixieren in Handlung, Raum und Zeit und sie so umzusetzen.<\/p>\n<p><strong>Aus dem M\u00e4nnercoaching wird ein ganz besonderes M\u00e4nnernetzwerk.<\/strong><\/p>\n<p>Das Asset mit der Maennerschmie.de liegt darin, dass Sie sich privat austauschen k\u00f6nnen mit \u201eKumpels\u201c, M\u00e4nnern, die wie Br\u00fcder zu Ihnen stehen. Das ist anders als netzwerken, denn hier ist keiner nur um seines Vorteils willen dabei, sondern f\u00fcr Sie. Denn wir gehen davon aus, dass Seilschaften auf steilen Strecken zwar n\u00fctzlich sind, aber den pers\u00f6nlichen Weg in die Freiheit doch eben jeder selbstverantwortlich gehen muss.<\/p>\n<p>F\u00fcr Sie bedeutet das auch, dass wir mit Ihrem Einverst\u00e4ndnis Ihre Adressen in Ihrer Region zum Erfahrungsaustausch weitergeben. Finden und nutzen Sie die M\u00f6glichkeit zum Tutorial von M\u00e4nnern, die \u00e4lter, l\u00e4nger dabei sind und lassen Sie sich <a href=\"https:\/\/iuaviabelfjea.byteway.dev\/index.php\/das-trainingder-workshop\/\" target=\"_blank\" rel=\"noopener noreferrer\">zus\u00e4tzlich zu den M\u00e4nner Workshops<\/a> und dem von uns angebotenen M\u00e4nner-Coaching unterst\u00fctzen.<\/p>\n<p>Bayern beinhaltet unter anderem folgende Orte: M\u00fcnchen, Regensburg; N\u00fcrnberg; W\u00fcrzburg, Erlangen; Augsburg; Bad T\u00f6lz; Garmisch-Partenkirchen; Starnberg; Bayreuth; Landshut; Ansbach; Ingolstadt; F\u00dcrth; Bamberg; Aschaffenburg; Kempten; Rosenheim; Schweinfurth; Neu-Ulm; Passau; Hof; Freising; Straubing; Amberg; Weiden in der Oberpfalz; Kaufbeuren; Coburg; Memmingen; Neumarkt in der Oberfpalz; Dachau; Schwabach; Germering; Deggendorf; F\u00fcrstenfeldbruck; Forchheim; Kulmbach; Schwandorf; Neuburg an der Donau; Landsberg am Lech; Lindau; Kitzingen; Bad Kissingen; G\u00fcnzburg; N\u00f6rdlingen; Dillingen an der Donau; Traunstein; Bad Reichenhall; Donauw\u00f6rth; Marktredwitz; Weissenburg in Bayern; Selb; Neustadt bei Coburg; Eichst\u00e4tt; Dinkelsb\u00fchl; Rothenburg ob der Tauber.<\/p>\n","protected":false},"excerpt":{"rendered":"<p>Ein guter M\u00e4nner-Coach ist wie ein Freund: Er sagt auch Unangenehmes, er nimmt in die Verantwortung, er unterst\u00fctzt, egal, wie es Ihnen geht. Was macht ein gutes M\u00e4nner-Coaching aus? Einzeln, Mann zu Mann &#8211; statt Gruppenarbeit Der Coach f\u00fcr M\u00e4nner macht sich \u00fcberfl\u00fcssig. Es ist ein \u00fcberschaubarer Weg, mit festem Ziel und Ma\u00dfnahmen, wie dieses [&hellip;]<\/p>\n","protected":false},"author":2,"featured_media":0,"parent":0,"menu_order":0,"comment_status":"open","ping_status":"open","template":"","meta":{"_monsterinsights_skip_tracking":false,"_monsterinsights_sitenote_active":false,"_monsterinsights_sitenote_note":"","_monsterinsights_sitenote_category":0,"footnotes":""},"class_list":["post-236","page","type-page","status-publish","hentry"],"_links":{"self":[{"href":"https:\/\/maennerschmie.de\/index.php\/wp-json\/wp\/v2\/pages\/236","targetHints":{"allow":["GET"]}}],"collection":[{"href":"https:\/\/maennerschmie.de\/index.php\/wp-json\/wp\/v2\/pages"}],"about":[{"href":"https:\/\/maennerschmie.de\/index.php\/wp-json\/wp\/v2\/types\/page"}],"author":[{"embeddable":true,"href":"https:\/\/maennerschmie.de\/index.php\/wp-json\/wp\/v2\/users\/2"}],"replies":[{"embeddable":true,"href":"https:\/\/maennerschmie.de\/index.php\/wp-json\/wp\/v2\/comments?post=236"}],"version-history":[{"count":0,"href":"https:\/\/maennerschmie.de\/index.php\/wp-json\/wp\/v2\/pages\/236\/revisions"}],"wp:attachment":[{"href":"https:\/\/maennerschmie.de\/index.php\/wp-json\/wp\/v2\/media?parent=236"}],"curies":[{"name":"wp","href":"https:\/\/api.w.org\/{rel}","templated":true}]}}