{"id":2306,"date":"2024-11-06T13:18:33","date_gmt":"2024-11-06T12:18:33","guid":{"rendered":"https:\/\/iuaviabelfjea.byteway.dev\/?page_id=2306"},"modified":"2024-11-06T13:41:43","modified_gmt":"2024-11-06T12:41:43","slug":"die_maennerschmiede","status":"publish","type":"page","link":"https:\/\/maennerschmie.de\/","title":{"rendered":"M\u00e4nnerschmiede"},"content":{"rendered":"<h3>Was ist die M\u00e4nnerschmiede? Was ist da f\u00fcr Sie drin?<\/h3>\n<p><img loading=\"lazy\" decoding=\"async\" class=\"size-medium wp-image-1535 alignleft\" src=\"\/wp-content\/uploads\/2020\/10\/IMG_4076-e1601746446351-300x148.jpg\" alt=\"\" width=\"300\" height=\"148\" srcset=\"https:\/\/maennerschmie.de\/wp-content\/uploads\/2020\/10\/IMG_4076-e1601746446351-300x148.jpg 300w, https:\/\/maennerschmie.de\/wp-content\/uploads\/2020\/10\/IMG_4076-e1601746446351.jpg 723w\" sizes=\"auto, (max-width: 300px) 100vw, 300px\" \/><strong>Der Name ist Programm: <\/strong>\u201eJeder ist seines Gl\u00fcckes Schmied!\u201c<\/p>\n<p>Ist das so?\u00a0 Sehen Sie sich so? Als Schmied Ihres Gl\u00fccks?<br \/>\nOder sind wir nicht auch &#8220;geworfen&#8221; in dieses Leben, eine Achterbahn &#8211; ohne Steuerung?!<\/p>\n<p>Bleiben wir beim Bild, der Metapher: Wie sieht so ein Schmied eigentlich aus, ein Mann, der sein Gl\u00fcck schmiedet?<\/p>\n<h4><strong>Entscheide Dich!<\/strong><\/h4>\n<p><a href=\"https:\/\/iuaviabelfjea.byteway.dev\/index.php\/mannerschmiede\/\">Neugierig? Lesen Sie gerne weiter&#8230;<\/a><\/p>\n","protected":false},"excerpt":{"rendered":"<p>Was ist die M\u00e4nnerschmiede? Was ist da f\u00fcr Sie drin? Der Name ist Programm: \u201eJeder ist seines Gl\u00fcckes Schmied!\u201c Ist das so?\u00a0 Sehen Sie sich so? Als Schmied Ihres Gl\u00fccks? Oder sind wir nicht auch &#8220;geworfen&#8221; in dieses Leben, eine Achterbahn &#8211; ohne Steuerung?! Bleiben wir beim Bild, der Metapher: Wie sieht so ein Schmied [&hellip;]<\/p>\n","protected":false},"author":2,"featured_media":0,"parent":0,"menu_order":0,"comment_status":"closed","ping_status":"closed","template":"","meta":{"_monsterinsights_skip_tracking":false,"_monsterinsights_sitenote_active":false,"_monsterinsights_sitenote_note":"","_monsterinsights_sitenote_category":0,"footnotes":""},"class_list":["post-2306","page","type-page","status-publish","hentry"],"_links":{"self":[{"href":"https:\/\/maennerschmie.de\/index.php\/wp-json\/wp\/v2\/pages\/2306","targetHints":{"allow":["GET"]}}],"collection":[{"href":"https:\/\/maennerschmie.de\/index.php\/wp-json\/wp\/v2\/pages"}],"about":[{"href":"https:\/\/maennerschmie.de\/index.php\/wp-json\/wp\/v2\/types\/page"}],"author":[{"embeddable":true,"href":"https:\/\/maennerschmie.de\/index.php\/wp-json\/wp\/v2\/users\/2"}],"replies":[{"embeddable":true,"href":"https:\/\/maennerschmie.de\/index.php\/wp-json\/wp\/v2\/comments?post=2306"}],"version-history":[{"count":16,"href":"https:\/\/maennerschmie.de\/index.php\/wp-json\/wp\/v2\/pages\/2306\/revisions"}],"predecessor-version":[{"id":2331,"href":"https:\/\/maennerschmie.de\/index.php\/wp-json\/wp\/v2\/pages\/2306\/revisions\/2331"}],"wp:attachment":[{"href":"https:\/\/maennerschmie.de\/index.php\/wp-json\/wp\/v2\/media?parent=2306"}],"curies":[{"name":"wp","href":"https:\/\/api.w.org\/{rel}","templated":true}]}}