{"id":229,"date":"2011-09-06T17:54:53","date_gmt":"2011-09-06T15:54:53","guid":{"rendered":"https:\/\/iuaviabelfjea.byteway.dev\/?page_id=229"},"modified":"2011-09-06T17:54:53","modified_gmt":"2011-09-06T15:54:53","slug":"mannerarbeit-in-salzburg-und-umgebung","status":"publish","type":"page","link":"https:\/\/maennerschmie.de\/index.php\/mannerarbeit-in-salzburg-und-umgebung\/","title":{"rendered":"M\u00e4nnerarbeit in Salzburg und Umgebung"},"content":{"rendered":"<p>In der Regel begegnen M\u00e4nner der M\u00e4nnerarbeit kritisch. Und das ist im Kern auch v\u00f6llig ok. Meist laufen Gespr\u00e4che \u00fcber M\u00e4nnerarbeit nach dem Muster ab: Hab ich das n\u00f6tig? Und oft entscheiden M\u00e4nner f\u00fcr sich, dass sie das n\u00f6tig haben. Denn wer jung ist, das Gef\u00fchl hat, ALLES bewegen zu k\u00f6nnen, dem stellt sich die Frage gar nicht.<\/p>\n<p>Nein. Als Mann sind wir prinzipiell gut. Und gut genug. Woran sollte ich also als Mann arbeiten? An mir? Ich will und werde mich nicht verbiegen lassen. Aber mit Mitte drei\u00dfig etwa werden Ehen schwieriger, berufliche Wettbewerber j\u00fcnger und Kindererziehung (Pubert\u00e4t) bringt echte Probleme.<\/p>\n<p>Die Frage, die sich dann stellt: Verdr\u00e4nge ich noch oder werde ich schon gebrochen? Wir M\u00e4nner sind Weltmeister im Verdr\u00e4ngen, denn \u201eProbleme bereden bringt doch nichts!\u201c Das ist die Botschaft, die wir schon seit Kindesbeinen verstanden haben \u2013 der eigene Vater hat es meistens vorgelebt und es war gut, der Mutter (Kinderg\u00e4rtnerin, Schullehrerin \u2026) nicht alles zu erz\u00e4hlen.<\/p>\n<p><strong>M\u00e4nnerarbeit besch\u00e4ftigt sich in erster Linie mit M\u00e4nnern.<\/strong><\/p>\n<p>Was aber tun bei Gegenwind? Stelle ich mich meinen Problemen und Sorgen oder fliehe ich? Denn wie das Schilf im Wind, wird ein Mann gebrochen, der unflexibel, vielleicht fast tot auf die (Lebens-)Herbst- und Winterst\u00fcrme sich nicht einstellen mag.<\/p>\n<p>Hier setzt f\u00fcr uns M\u00e4nnerarbeit an: Wer \u00fcber Karriere und Familienaufgaben seine Freundschaften ins Oberfl\u00e4chliche hat abdriften lassen, kann hier Mut fassen und sich aufbauen. Gemeinsam packen wir Ihr Problem an. Wir besch\u00f6nigen es nicht als \u201eHerausforderungen\u201c, sondern stellen uns Ihren Sorgen, Ihrem Schmerz und den daraus sich ergebenden Aufgaben gemeinsam.<\/p>\n<p>Innerhalb unserer M\u00e4nnerarbeit k\u00f6nnen Sie in vertrautem Kreis darauf bauen, dass hier nicht gelabert wird, es werden keine B\u00e4ume umarmt oder Wut aus dem Bauch getrommelt &#8211; Hier wird gemeinsam an Probleml\u00f6sungen gearbeitet: Tatsachen auf den Tisch, Alternativen aufz\u00e4hlen, Erfahrungen austauschen, Entscheidungen abw\u00e4gen und treffen, Ma\u00dfnahmen festlegen, Resultate visualisieren. Nur um- und durchsetzen m\u00fcssen Sie sie selbst. Wobei wir auch hier Hilfe anbieten.<\/p>\n<p><strong>M\u00e4nnerarbeit braucht aber auch Mut.<\/strong><\/p>\n<p>Unsere M\u00e4nnerarbeit gibt Ihnen die Kraft dazu. Wenn Sie Mut genug haben, sie auch zu nutzen!<\/p>\n<p>Ziel unserer M\u00e4nner-Arbeit ist es, dass Sie sich bewusst Zeit f\u00fcr sich und Ihre Belange selbst nehmen und dadurch zur Ruhe kommen. Ein weiteres Ziel unserer M\u00e4nnerarbeit ist es auch, dass Sie f\u00fcr sich oder mit Begleitung Ihren jetzigen Standpunkt kl\u00e4ren sowie neue Wege des Umgangs mit anderen Menschen und mit sich selbst entdecken.<\/p>\n<p>Durch diese Reflexion unter unserer Anleitung haben Sie die M\u00f6glichkeit zur Neuorientierung. Ihre pers\u00f6nliche m\u00e4nnliche Handlungsf\u00e4higkeit wird erh\u00f6ht, Sie lernen von und durch die anderen und dabei sich selbst besser kennen. Sie finden neue und vielleicht \u00fcberraschende Antworten auf Ihre Fragen.<\/p>\n<p>Salzburg und das Salzburger Land beinhaltet unter anderem folgende Orte: Salzburg, Salzburg-Stadt, Salzuburg-Umgebung, Hallein, Saalfelden, Sankt Johann im Pongau, Bischofshofen, Zell am See, Tamsweg, Seekirchen am Wallersee, Oberndorf bei Salzburg, Neumarkt am Wallersee, Radstadt, Bergheim, Hallwang, Koppl, Elsbethen, Anif, Gr\u00f6dig, Wals-Siezenheim, Freilassing, Mittersill.<\/p>\n","protected":false},"excerpt":{"rendered":"<p>In der Regel begegnen M\u00e4nner der M\u00e4nnerarbeit kritisch. Und das ist im Kern auch v\u00f6llig ok. Meist laufen Gespr\u00e4che \u00fcber M\u00e4nnerarbeit nach dem Muster ab: Hab ich das n\u00f6tig? Und oft entscheiden M\u00e4nner f\u00fcr sich, dass sie das n\u00f6tig haben. Denn wer jung ist, das Gef\u00fchl hat, ALLES bewegen zu k\u00f6nnen, dem stellt sich die [&hellip;]<\/p>\n","protected":false},"author":2,"featured_media":0,"parent":0,"menu_order":0,"comment_status":"open","ping_status":"open","template":"","meta":{"_monsterinsights_skip_tracking":false,"_monsterinsights_sitenote_active":false,"_monsterinsights_sitenote_note":"","_monsterinsights_sitenote_category":0,"footnotes":""},"class_list":["post-229","page","type-page","status-publish","hentry"],"_links":{"self":[{"href":"https:\/\/maennerschmie.de\/index.php\/wp-json\/wp\/v2\/pages\/229","targetHints":{"allow":["GET"]}}],"collection":[{"href":"https:\/\/maennerschmie.de\/index.php\/wp-json\/wp\/v2\/pages"}],"about":[{"href":"https:\/\/maennerschmie.de\/index.php\/wp-json\/wp\/v2\/types\/page"}],"author":[{"embeddable":true,"href":"https:\/\/maennerschmie.de\/index.php\/wp-json\/wp\/v2\/users\/2"}],"replies":[{"embeddable":true,"href":"https:\/\/maennerschmie.de\/index.php\/wp-json\/wp\/v2\/comments?post=229"}],"version-history":[{"count":0,"href":"https:\/\/maennerschmie.de\/index.php\/wp-json\/wp\/v2\/pages\/229\/revisions"}],"wp:attachment":[{"href":"https:\/\/maennerschmie.de\/index.php\/wp-json\/wp\/v2\/media?parent=229"}],"curies":[{"name":"wp","href":"https:\/\/api.w.org\/{rel}","templated":true}]}}