{"id":1308,"date":"2019-12-08T14:01:27","date_gmt":"2019-12-08T13:01:27","guid":{"rendered":"https:\/\/maennerschmiede.de\/?page_id=1308"},"modified":"2020-12-12T11:36:06","modified_gmt":"2020-12-12T10:36:06","slug":"blogroll","status":"publish","type":"page","link":"https:\/\/maennerschmie.de\/index.php\/blogroll\/","title":{"rendered":"Blogroll &#8211; nicht immer jugendfrei"},"content":{"rendered":"\n<blockquote class=\"wp-block-quote is-layout-flow wp-block-quote-is-layout-flow\"><p>&#8230;von \u201eauch nett\u201c bis &#8220;sehr empfehlenswert&#8221;<br>Ladies first:<\/p><p><\/p><p><strong>VollWeib <\/strong>(1) <a aria-label=\"https:\/\/www.lottafrei.de\/ (\u00f6ffnet in neuem Tab)\" rel=\"noreferrer noopener\" href=\"https:\/\/www.lottafrei.de\/\" target=\"_blank\">https:\/\/www.lottafrei.de\/<\/a><br><strong>VollWeib (2)<\/strong><a rel=\"noreferrer noopener\" href=\"https:\/\/ganzboesesmaedchen.blogspot.de\/\" target=\"_blank\"> https:\/\/ganzboesesmaedchen.blogspot.de\/<\/a><strong> <\/strong> <br>Anne N\u00fchm, Mutter und <a href=\"https:\/\/breakpt.wordpress.com\/2020\/12\/04\/maennerrechte-2479\/\" target=\"_blank\" rel=\"noreferrer noopener\">Datentypistin \u00fcber M\u00e4nnerrechte<\/a> <\/p><\/blockquote>\n\n\n\n<p><strong>M\u00c4NNER<\/strong>, bewegte<br>\u2026und kluge:<br><strong>Hadmut Danisch<\/strong> <a aria-label=\"https:\/\/www.danisch.de\/blog\/2014\/06\/25\/ein-boesartiger-vortrag-eines-boesartigen-professors\/  (\u00f6ffnet in neuem Tab)\" rel=\"noreferrer noopener\" href=\"https:\/\/www.danisch.de\/blog\/2014\/06\/25\/ein-boesartiger-vortrag-eines-boesartigen-professors\/\" target=\"_blank\">https:\/\/www.danisch.de\/blog\/2014\/06\/25\/ein-boesartiger-vortrag-eines-boesartigen-professors\/ <\/a><\/p>\n\n\n\n<p>Sozialliberal- und bremst nur <a href=\"https:\/\/uepsilonniks.wordpress.com\/\" target=\"_blank\" rel=\"noreferrer noopener\">f\u00fcr M\u00e4nner<\/a>:<br><a href=\"https:\/\/uepsilonniks.wordpress.com\/2018\/01\/06\/wo-maenner-aus-feministischer-sicht-benachteiligt-sind-und-die-verweiblichung-des-mannes\/\" target=\"_blank\" rel=\"noreferrer noopener\">https:\/\/uepsilonniks.wordpress.com\/2018\/01\/06\/wo-maenner-aus-feministischer-sicht-benachteiligt-sind-und-die-verweiblichung-des-mannes\/<\/a><\/p>\n\n\n\n<p>Oliver Flesch, der Edelproll <a rel=\"noreferrer noopener\" href=\"http:\/\/www.oliver-flesch.com\/category\/lust\/\" target=\"_blank\">http:\/\/www.oliver-flesch.com\/category\/lust\/<\/a><\/p>\n\n\n\n<p>Arne Hoffmann &#8211; auch bekennend links, auch der unbestreitbar flei\u00dfigste, der gr\u00f6\u00dfte, ausgewogenste unter uns M\u00e4nner- Bloggern und sein <a href=\"https:\/\/genderama.blogspot.com\/\" target=\"_blank\" rel=\"noreferrer noopener\">Genderama<\/a><\/p>\n\n\n\n<p>Bernhard Lassahn, der Literat: <a rel=\"noreferrer noopener\" href=\"http:\/\/www.frau-ohne-welt.de\/\" target=\"_blank\">http:\/\/www.frau-ohne-welt.de\/<\/a><\/p>\n\n\n\n<p>Christian Schmidt und die <strong>Laberk\u00f6ppe <\/strong>GALORE:<br><a aria-label=\" https:\/\/allesevolution.wordpress.com\/about\/ (\u00f6ffnet in neuem Tab)\" rel=\"noreferrer noopener\" href=\"https:\/\/allesevolution.wordpress.com\/about\/\" target=\"_blank\">https:\/\/allesevolution.wordpress.com\/about\/<\/a><\/p>\n\n\n\n<p>Lucas Schoppe <a href=\"https:\/\/man-tau.com\/\" target=\"_blank\" rel=\"noreferrer noopener\">man-tau<\/a>, Lehrer, Trennungsvater und flei\u00dfiger und intelligenter Kommentator dieses Mann-\/Frau- Dingens<\/p>\n\n\n\n<p><strong>Dating Coach #2: <\/strong><br>Anchu K\u00f6gl<br><a aria-label=\" https:\/\/anchukoegl.com\/ (\u00f6ffnet in neuem Tab)\" rel=\"noreferrer noopener\" href=\"https:\/\/anchukoegl.com\/\" target=\"_blank\">https:\/\/anchukoegl.com\/<\/a><\/p>\n\n\n\n<p><strong>Dating Coach #3:<\/strong> Max P\u00fctz<br><a aria-label=\" https:\/\/www.casanovacoaching.de\/  (\u00f6ffnet in neuem Tab)\" rel=\"noreferrer noopener\" href=\"https:\/\/www.casanovacoaching.de\/\" target=\"_blank\">https:\/\/www.casanovacoaching.de\/ <\/a><\/p>\n","protected":false},"excerpt":{"rendered":"<p>&#8230;von \u201eauch nett\u201c bis &#8220;sehr empfehlenswert&#8221;Ladies first: VollWeib (1) https:\/\/www.lottafrei.de\/VollWeib (2) https:\/\/ganzboesesmaedchen.blogspot.de\/ Anne N\u00fchm, Mutter und Datentypistin \u00fcber M\u00e4nnerrechte M\u00c4NNER, bewegte\u2026und kluge:Hadmut Danisch https:\/\/www.danisch.de\/blog\/2014\/06\/25\/ein-boesartiger-vortrag-eines-boesartigen-professors\/ Sozialliberal- und bremst nur f\u00fcr M\u00e4nner:https:\/\/uepsilonniks.wordpress.com\/2018\/01\/06\/wo-maenner-aus-feministischer-sicht-benachteiligt-sind-und-die-verweiblichung-des-mannes\/ Oliver Flesch, der Edelproll http:\/\/www.oliver-flesch.com\/category\/lust\/ Arne Hoffmann &#8211; auch bekennend links, auch der unbestreitbar flei\u00dfigste, der gr\u00f6\u00dfte, ausgewogenste unter uns M\u00e4nner- Bloggern und sein Genderama [&hellip;]<\/p>\n","protected":false},"author":2,"featured_media":0,"parent":0,"menu_order":0,"comment_status":"closed","ping_status":"closed","template":"","meta":{"_monsterinsights_skip_tracking":false,"_monsterinsights_sitenote_active":false,"_monsterinsights_sitenote_note":"","_monsterinsights_sitenote_category":0,"footnotes":""},"class_list":["post-1308","page","type-page","status-publish","hentry"],"_links":{"self":[{"href":"https:\/\/maennerschmie.de\/index.php\/wp-json\/wp\/v2\/pages\/1308","targetHints":{"allow":["GET"]}}],"collection":[{"href":"https:\/\/maennerschmie.de\/index.php\/wp-json\/wp\/v2\/pages"}],"about":[{"href":"https:\/\/maennerschmie.de\/index.php\/wp-json\/wp\/v2\/types\/page"}],"author":[{"embeddable":true,"href":"https:\/\/maennerschmie.de\/index.php\/wp-json\/wp\/v2\/users\/2"}],"replies":[{"embeddable":true,"href":"https:\/\/maennerschmie.de\/index.php\/wp-json\/wp\/v2\/comments?post=1308"}],"version-history":[{"count":0,"href":"https:\/\/maennerschmie.de\/index.php\/wp-json\/wp\/v2\/pages\/1308\/revisions"}],"wp:attachment":[{"href":"https:\/\/maennerschmie.de\/index.php\/wp-json\/wp\/v2\/media?parent=1308"}],"curies":[{"name":"wp","href":"https:\/\/api.w.org\/{rel}","templated":true}]}}